{"id":3263,"date":"2025-09-08T08:00:00","date_gmt":"2025-09-08T08:00:00","guid":{"rendered":"https:\/\/inmemoriam.iwn.co\/nayttelyt\/verkkonayttelyyn-tutustuvalle\/alkusanat-mj\/"},"modified":"2025-11-28T10:08:12","modified_gmt":"2025-11-28T10:08:12","slug":"samarbetet-resulterade-i-en-webbutstallning-och-databasen-poliisisurmat","status":"publish","type":"page","link":"https:\/\/poliisisurmat.poliisimuseo.fi\/sv\/utstallningar\/till-dig-som-tar-del-av-webbutstallningen\/samarbetet-resulterade-i-en-webbutstallning-och-databasen-poliisisurmat\/","title":{"rendered":"Samarbetet resulterade i en webbutst\u00e4llning och databas \u00f6ver poliser som blivit d\u00f6dade i tj\u00e4nst"},"content":{"rendered":"\n<div class=\"section3-block\">\n\t<div class=\"acf-gallery-carousel\">\n\n\t\t<!-- Main Image Swiper -->\n\t\t<div class=\"swiper main-swiper\">\n\t\t\t<div class=\"swiper-wrapper\">\n\t\t\t\t\t\t\t\t\t\t\t\t\t\n\t\t\t\t\n\t\t\t\t\t<div class=\"swiper-slide\">\n\t\t\t\t\t\t<img decoding=\"async\" src=\"https:\/\/poliisisurmat.poliisimuseo.fi\/wp-content\/uploads\/2025\/10\/kirja_2-1.jpg\" alt=\"En gammal bok med bruna p\u00e4rmar st\u00e5r \u00f6ppnad. P\u00e5 sidan till h\u00f6ger st\u00e5r f\u00f6ljande text p\u00e5 finska skriven med gammaldags bokst\u00e4ver: \u201dPoliser som m\u00f6tt en v\u00e5ldsam d\u00f6d i tj\u00e4nst under sj\u00e4lvst\u00e4ndighetstiden\u201d.\" \/>\n\t\t\t\t\t\t<p class=\"image-caption\">Polisinstitutets studentk\u00e5rs minnesbok \u00f6ver poliser som m\u00f6tt en v\u00e5ldsam d\u00f6d i tj\u00e4nst. \u00a9Jarkko J\u00e4rvinen\/Polismuseet.<\/p>\n\t\t\t\t\t<\/div>\n\t\t\t\t\t\t\t<\/div>\n\n\t\t\t<!-- Arrows -->\n\t\t\t<div class=\"swiper-button-prev\"><\/div>\n\t\t\t<div class=\"swiper-button-next\"><\/div>\n\t\t<\/div>\n\n\t\t<!-- Thumbnails Swiper -->\n\t\t<div class=\"swiper thumb-swiper\">\n\t\t\t<div class=\"swiper-wrapper\">\n\t\t\t\t\t\t\t\t\t<div class=\"swiper-slide\">\n\t\t\t\t\t\t<img decoding=\"async\" src=\"https:\/\/poliisisurmat.poliisimuseo.fi\/wp-content\/uploads\/2025\/10\/kirja_2-1-150x150.jpg\" alt=\"En gammal bok med bruna p\u00e4rmar st\u00e5r \u00f6ppnad. P\u00e5 sidan till h\u00f6ger st\u00e5r f\u00f6ljande text p\u00e5 finska skriven med gammaldags bokst\u00e4ver: \u201dPoliser som m\u00f6tt en v\u00e5ldsam d\u00f6d i tj\u00e4nst under sj\u00e4lvst\u00e4ndighetstiden\u201d.\" \/>\n\t\t\t\t\t<\/div>\n\t\t\t\t\t\t\t<\/div>\n\t\t<\/div>\n\n\t<\/div>\n\n\t<div class=\"taso3-text\">\n\t\t\n\t\t<p>\n\t\t\t<p>Poliser som d\u00f6tt i tj\u00e4nst \u00e4r ett tema som intresserar s\u00e5v\u00e4l allm\u00e4nheten, sl\u00e4ktforskare som medierna. Naturligtvis \u00e4r temat ocks\u00e5 viktigt f\u00f6r polisen och \u00e4ven en sm\u00e4rtsam p\u00e5minnelse om att uppdragen inte alltid har slutat lyckligt. F\u00f6rlusterna \u00e4r en viktig del av historien som polisen vill komma ih\u00e5g och hedra.\u00a0 En mening som ofta upprepas lyder s\u00e5 h\u00e4r: den som v\u00e4ljer polisyrket m\u00e5ste vara beredd att m\u00f6ta farorna i yrket. Polisen har l\u00e5ngsiktigt utvecklat sin verksamhet f\u00f6r att poliserna ska ha denna beredskap.\u00a0 N\u00e5got som skyddar poliserna \u00e4r examensutbildning av h\u00f6g kvalitet, specialisering i kr\u00e4vande uppgifter, moderna redskap och modern utrustning, teknologi och regelbundna \u00f6vningar. Skr\u00e5morna blir f\u00e4rre i verkliga livet n\u00e4r grunden \u00e4r i skick.<\/p>\n<p>\u00c5r 2008 utkom boken <em>In Memoriam 1917\u20132007 \u2013 Poliser d\u00f6dade i tj\u00e4nst<\/em> p\u00e5 f\u00f6rlaget Pohjolan Poliisi Oy.\u00a0 Utifr\u00e5n verket skapades en databas som man kunde bl\u00e4ddra i p\u00e5 datorn p\u00e5 Polismuseets utst\u00e4llning som \u00f6ppnades samma \u00e5r. N\u00e4r datatekniken f\u00f6r\u00e5ldrades var vi tvungna att sluta anv\u00e4nda databasen och boken som behandlade \u00e4mnet var inte heller tillg\u00e4nglig i n\u00e5gon st\u00f6rre utstr\u00e4ckning. I och med att museets informationstj\u00e4nst regelbundet fick f\u00f6rfr\u00e5gningar om \u00e4mnet f\u00f6ddes tanken att g\u00f6ra detta viktiga \u00e4mne tillg\u00e4ngligt f\u00f6r allm\u00e4nheten i s\u00e5 stor utstr\u00e4ckning som m\u00f6jligt. Id\u00e9n om en webbutst\u00e4llning som vem som helst kan ta del av f\u00f6ddes. I Sverige f\u00f6rs en offentlig <a href=\"http:\/\/www.spmp.se\/site2\/index.php\/fallen-pa-sin-post\">databas<\/a> \u00f6ver poliser som avlidit i tj\u00e4nst och \u00f6ver h\u00e4ndelserna som lett till d\u00f6dsfallen. Databasen f\u00f6rvaltas av den svenska polismannen Niklas Lindroth.<\/p>\n<p>V\u00e4ktaren Tommi Nevalainen vid polisinr\u00e4ttningen i \u00d6stra Nyland kontaktade Polismuseet och ber\u00e4ttade att han i flera \u00e5r flitigt h\u00e5llit p\u00e5 med utredningsarbete och samlat ett omfattande material med anteckningar om d\u00f6dsfall bland poliser och fotografier av bland annat de avlidna polisernas gravar. Utan Tommis idoga hj\u00e4lp hade det varit betydligt mer arbetsdrygt att skapa denna webbutst\u00e4llning.<\/p>\n<p>Vid Polisinstitutet som fanns i Esbo b\u00f6rjade studerandena p\u00e5 1960-talet samla in uppgifter om poliser d\u00f6dade i tj\u00e4nst och en minnesv\u00e4gg uppf\u00f6rdes i l\u00e4roanstaltens lokaler. Redan d\u00e5 grundade sig uppgifterna om fallen fr\u00e4mst p\u00e5 nekrologer i polisens facktidningar och i tidningsartiklar.\u00a0 Andra polisenheter, \u00e5tminstone i Helsingfors, Vasa, \u00c5bo, Tammerfors och Vanda, har dessutom egna minnestavlor.<\/p>\n<p>Minnestavlorna flyttades till Polisyrkesh\u00f6gskolan i Tammerfors 2008. \u00c5r 2025 finns det sammanlagt 131 tavlor. Antalet sorgliga h\u00e4ndelser \u00e4r lika stort som antalet tavlor: situationer d\u00e4r de anh\u00f6riga till en polis har n\u00e5tts av sorgebudet och arbetsgemenskapen har f\u00f6rlorat en medlem. Tavlorna symboliserar den st\u00f6rsta uppoffringen som polisarbetet har kr\u00e4vt.<\/p>\n<p>Kriterierna f\u00f6r vem som anses ha d\u00f6dats i tj\u00e4nst har varierat.\u00a0 Enligt den str\u00e4ngaste tolkningen har endast den som d\u00f6dats genom yttre v\u00e5ld f\u00e5tt en plats p\u00e5 minnesv\u00e4ggen. Till exempel personer som omkommit i trafikolyckor, olycksfall och krigstida uppdrag p\u00e5 hemmafronten har inte inkluderats. Tolkningen har varierat ocks\u00e5 i fr\u00e5ga om personer som avlidit p\u00e5 fritiden. En del har f\u00e5tt en minnestavla, andra inte. Under historiens g\u00e5ng har en del av de \u00e4ldsta fallen fallit i gl\u00f6mska eller f\u00f6rblivit en tradition i sl\u00e4kterna.<\/p>\n<p>Databasen \u00e4r en separat helhet som varken l\u00e4gger till nya minnestavlor eller tar bort befintliga. Redan i detta skede \u00e4r antalet namn och fall st\u00f6rre i databasen \u00e4n p\u00e5 tavlorna, sammanlagt 164. Dessa 33 till\u00e4gg \u00e4r av mycket olika slag. Olycksfallet\/olyckan som lett till att en polis har d\u00f6tt kan till exempel ha varit en trafikolycka, of\u00f6rsiktig hantering av ett vapen under en \u00f6vning eller drunkning under ett handr\u00e4ckningsuppdrag. Det tragiska slutresultatet har dock varit att polisen eller personen som arbetat vid polisen har d\u00f6tt i tj\u00e4nst. V\u00e5r uppgift har inte varit att rangordna h\u00e4ndelserna som lett till att en polis har mist livet. Tyv\u00e4rr kan vi inte lova att v\u00e5r databas inneh\u00e5ller alla namn som borde finnas med.Vi vet redan nu att tidsperioden kring inb\u00f6rdeskriget och andra v\u00e4rldskriget kr\u00e4ver ytterligare utredningar.\u00a0 V\u00e5r webbplats och v\u00e5r databas kommer att uppdateras. Uppgifter kan preciseras, l\u00e4ggas till och \u00e4ndras. V\u00e5r innerliga f\u00f6rhoppning \u00e4r naturligtvis att inte ett enda namn ska beh\u00f6va l\u00e4ggas till i framtiden.<\/p>\n<p>Utst\u00e4llningarna \u00e4r alltid ett resultat av samarbete och s\u00e5ledes har <u>m\u00e5nga instanser och personer <\/u>varit med och utarbetat \u00e4ven denna webbutst\u00e4llning.\u00a0 Ett varmt tack till alla f\u00f6r er insats i detta viktiga \u00e4mne.<\/p>\n<p>&nbsp;<\/p>\n<p>Tammerfors den 8 oktober 2025<\/p>\n<p>Maritta Jokiniemi<br \/>\nForskare<br \/>\nPolismuseet<\/p>\n\t\t<\/p>\n\t<\/div>\n\n<\/div>\n\n","protected":false},"excerpt":{"rendered":"","protected":false},"author":1,"featured_media":0,"parent":3086,"menu_order":0,"comment_status":"closed","ping_status":"closed","template":"","meta":{"_acf_changed":false,"footnotes":""},"class_list":["post-3263","page","type-page","status-publish"],"acf":[],"_links":{"self":[{"href":"https:\/\/poliisisurmat.poliisimuseo.fi\/sv\/wp-json\/wp\/v2\/pages\/3263","targetHints":{"allow":["GET"]}}],"collection":[{"href":"https:\/\/poliisisurmat.poliisimuseo.fi\/sv\/wp-json\/wp\/v2\/pages"}],"about":[{"href":"https:\/\/poliisisurmat.poliisimuseo.fi\/sv\/wp-json\/wp\/v2\/types\/page"}],"author":[{"embeddable":true,"href":"https:\/\/poliisisurmat.poliisimuseo.fi\/sv\/wp-json\/wp\/v2\/users\/1"}],"replies":[{"embeddable":true,"href":"https:\/\/poliisisurmat.poliisimuseo.fi\/sv\/wp-json\/wp\/v2\/comments?post=3263"}],"version-history":[{"count":5,"href":"https:\/\/poliisisurmat.poliisimuseo.fi\/sv\/wp-json\/wp\/v2\/pages\/3263\/revisions"}],"predecessor-version":[{"id":4274,"href":"https:\/\/poliisisurmat.poliisimuseo.fi\/sv\/wp-json\/wp\/v2\/pages\/3263\/revisions\/4274"}],"up":[{"embeddable":true,"href":"https:\/\/poliisisurmat.poliisimuseo.fi\/sv\/wp-json\/wp\/v2\/pages\/3086"}],"wp:attachment":[{"href":"https:\/\/poliisisurmat.poliisimuseo.fi\/sv\/wp-json\/wp\/v2\/media?parent=3263"}],"curies":[{"name":"wp","href":"https:\/\/api.w.org\/{rel}","templated":true}]}}