{"id":3211,"date":"2025-09-08T08:02:00","date_gmt":"2025-09-08T08:02:00","guid":{"rendered":"https:\/\/inmemoriam.iwn.co\/nayttelyt\/valmiina-kohtaamaan-vaarat\/poliisikoirat-vaarallisissa-tehtavissa\/"},"modified":"2025-11-26T07:30:26","modified_gmt":"2025-11-26T07:30:26","slug":"polishundar-i-farliga-uppdrag","status":"publish","type":"page","link":"https:\/\/poliisisurmat.poliisimuseo.fi\/sv\/utstallningar\/beredd-att-mota-farorna\/polishundar-i-farliga-uppdrag\/","title":{"rendered":"Polishundar i farliga uppdrag"},"content":{"rendered":"\n<div class=\"section3-block\">\n\t<div class=\"acf-gallery-carousel\">\n\n\t\t<!-- Main Image Swiper -->\n\t\t<div class=\"swiper main-swiper\">\n\t\t\t<div class=\"swiper-wrapper\">\n\t\t\t\t\t\t\t\t\t\t\t\t\t\n\t\t\t\t\n\t\t\t\t\t<div class=\"swiper-slide\">\n\t\t\t\t\t\t<img decoding=\"async\" src=\"https:\/\/poliisisurmat.poliisimuseo.fi\/wp-content\/uploads\/2025\/10\/211vr5_40-scaled.jpg\" alt=\"Polis som l\u00e5ter en sch\u00e4fer g\u00e5 upp f\u00f6r en m\u00f6rk trappa i en byggnad.\" \/>\n\t\t\t\t\t\t<p class=\"image-caption\">Polishund g\u00e5r upp f\u00f6r en trappa med sin hundf\u00f6rare.<\/p>\n\t\t\t\t\t<\/div>\n\t\t\t\t\t\t\t\t\t\t\t\t\t\n\t\t\t\t\n\t\t\t\t\t<div class=\"swiper-slide\">\n\t\t\t\t\t\t<img decoding=\"async\" src=\"https:\/\/poliisisurmat.poliisimuseo.fi\/wp-content\/uploads\/2025\/10\/211vr5_60-scaled.jpg\" alt=\"Tv\u00e5 poliser i uniform h\u00e5ller i en man i skogen. P\u00e5 marken finns lite sn\u00f6. I f\u00f6rgrunden st\u00e5r en sch\u00e4fer.\" \/>\n\t\t\t\t\t\t<p class=\"image-caption\">Tv\u00e5 poliser och en polishund \u00f6ver p\u00e5 att gripa brottslingar i skogen. I mitten st\u00e5r en arresterad person.<\/p>\n\t\t\t\t\t<\/div>\n\t\t\t\t\t\t\t<\/div>\n\n\t\t\t<!-- Arrows -->\n\t\t\t<div class=\"swiper-button-prev\"><\/div>\n\t\t\t<div class=\"swiper-button-next\"><\/div>\n\t\t<\/div>\n\n\t\t<!-- Thumbnails Swiper -->\n\t\t<div class=\"swiper thumb-swiper\">\n\t\t\t<div class=\"swiper-wrapper\">\n\t\t\t\t\t\t\t\t\t<div class=\"swiper-slide\">\n\t\t\t\t\t\t<img decoding=\"async\" src=\"https:\/\/poliisisurmat.poliisimuseo.fi\/wp-content\/uploads\/2025\/10\/211vr5_40-150x150.jpg\" alt=\"Polis som l\u00e5ter en sch\u00e4fer g\u00e5 upp f\u00f6r en m\u00f6rk trappa i en byggnad.\" \/>\n\t\t\t\t\t<\/div>\n\t\t\t\t\t\t\t\t\t<div class=\"swiper-slide\">\n\t\t\t\t\t\t<img decoding=\"async\" src=\"https:\/\/poliisisurmat.poliisimuseo.fi\/wp-content\/uploads\/2025\/10\/211vr5_60-150x150.jpg\" alt=\"Tv\u00e5 poliser i uniform h\u00e5ller i en man i skogen. P\u00e5 marken finns lite sn\u00f6. I f\u00f6rgrunden st\u00e5r en sch\u00e4fer.\" \/>\n\t\t\t\t\t<\/div>\n\t\t\t\t\t\t\t<\/div>\n\t\t<\/div>\n\n\t<\/div>\n\n\t<div class=\"taso3-text\">\n\t\t\n\t\t<p>\n\t\t\t<p><em>Sj\u00e4lv klarade jag mig undan med bara psykiskt lidande. Allt arbete jag hade gjort med Late rann inte ut i sanden, utan min hund gjorde vad den skulle. Dessutom r\u00e4ddade den sannolikt livet b\u00e5de p\u00e5 mig och min patrullkamrat. Det \u00e4r s\u00e4kert den st\u00f6rsta tj\u00e4nsten man kan beg\u00e4ra av en hund.<strong><br \/>\nUtdrag ur P\u00e4ivi Romppainens bok Vainun varassa som handlar om konstapel Jyrki Laulajainen och polishunden Late. <\/strong><\/em><\/p>\n<p>N\u00e4r man talar om poliser som d\u00f6tt i tj\u00e4nst \u00e4r det sk\u00e4l att uppm\u00e4rksamma polisens trogna partner, tj\u00e4nstehundarna. Att f\u00f6rlora en hund s\u00e4tter djupa sp\u00e5r. Hundf\u00f6raren har tr\u00e4nat upp en patrullkamrat \u00e5t sig och arbetat med den i flera \u00e5r, men framf\u00f6r allt har hunden varit en k\u00e4r familjemedlem. Att f\u00f6rlora en s\u00e5dan kollega \u00e4r sj\u00e4lvfallet sm\u00e4rtsamt. \u00c4ven om hundf\u00f6raren \u00e4r tacksam f\u00f6r att sj\u00e4lv ha \u00f6verlevt \u00e4r sorgen samtidigt stor \u00f6ver f\u00f6rlusten av sin trogna partner.<\/p>\n<p>\u00c5r 2025 finns det cirka 250 aktiva polishundar av flera olika raser. De vanligaste rasen \u00e4r belgisk vallhund, det vill s\u00e4ga malinois. Polishundar kan anv\u00e4ndas f\u00f6rutom i patrullverksamhet \u00e4ven till exempel som narkotikahundar, likhundar och brandhundar. Hunden har ett ypperligt luktsinne, den har under flera hundra \u00e5r f\u00f6r\u00e4dlats till m\u00e4nniskans partner, den orkar utf\u00f6ra arbetsuppgifter och har f\u00f6rm\u00e5ga att l\u00e4ra sig. Dessa \u00e4r de viktigaste orsakerna till att hundarna nu och sannolikt \u00e4ven fram\u00f6ver \u00e4r polisens viktiga arbetskamrater. Utbildningen av en hund till polishund tar cirka tre \u00e5r.<\/p>\n<p>Finlands f\u00f6rsta polishundar skaffades 1909 till polisinr\u00e4ttningen i Helsingfors. Polisen har alltsedan dess anv\u00e4nt hundar.\u00a0 Hundar utbildades p\u00e5 olika orter redan 1919.\u00a0 Numera utbildas hundf\u00f6rare vid Polisyrkesh\u00f6gskolans Polishundsinr\u00e4ttning. Den har verkat p\u00e5 samma plats i Rinkelinm\u00e4ki i Tavastehus \u00e4nda sedan 1927.<\/p>\n<h3>Polishunden har f\u00f6rtj\u00e4nat sin plats<\/h3>\n<p>\u00c4ven om polisen numera utnyttjar mycket olika teknologier i sitt arbete \u00e4r hunden en viktig hj\u00e4lp. Varje \u00e5r utf\u00f6r polishundarna cirka 11 000 olika uppdrag i olika situationer och det har uppskattats att polishundarna r\u00e4ddar livet p\u00e5 cirka tio m\u00e4nniskor varje \u00e5r. I m\u00e5nga polisuppdrag \u00e4r hunden ett effektivare och mer kostnadseffektivt alternativ \u00e4n teknologi. Hunden har ocks\u00e5 en viktig roll som maktmedelsredskap. Polishunden utbildas och anv\u00e4nds med eftertanke och med s\u00e4rskild skyddsutrustning kan man minska de risker som hunden uts\u00e4tts f\u00f6r. Skyddsv\u00e4star avsedda f\u00f6r polishundar b\u00f6rjade anv\u00e4ndas 2016 och \u00e4r nu tillg\u00e4ngliga f\u00f6r alla patrullhundar.<\/p>\n<p>Inom polisen har det f\u00f6rekommit ett stort antal situationer d\u00e4r en st\u00f6rre fara f\u00f6r en medborgare eller f\u00f6r polisen sj\u00e4lv har kunnat undvikas genom att anv\u00e4nda hund eller redan genom att hota med anv\u00e4nda hund.\u00a0 N\u00e4r en hund anv\u00e4nds finns det alltid en risk f\u00f6r att den skadas eller d\u00f6r. Den kan skada sig sj\u00e4lv till exempel i terr\u00e4ngf\u00f6rh\u00e5llanden eller s\u00e5 kan den person som ska gripas rikta v\u00e5ld mot hunden.<\/p>\n<p>Vid anv\u00e4ndning av hund \u00e4r det viktigt att vara medveten om att det \u00e4r fr\u00e5ga om ett djur som har sina egna s\u00e4tt och vanor som kan identifieras genom utbildning och erfarenhet. F\u00f6r att anv\u00e4nda polishund i arbetssituationer kr\u00e4vs professionellt och kontinuerligt samarbete f\u00f6r att verksamhetens slagkraft ska vara f\u00f6ruts\u00e4gbar och f\u00f6rnuftig n\u00e4r alla omst\u00e4ndigheter har beaktats f\u00f6r att uppn\u00e5 r\u00e4tt slutresultat.<\/p>\n<p>N\u00e4r vi s\u00f6ker information om hundar som d\u00f6tt i tj\u00e4nst \u00e4r de tillg\u00e4ngliga uppgifterna \u00e4n s\u00e5 l\u00e4nge bristf\u00e4lliga. D\u00e4rf\u00f6r finns det ingen fullst\u00e4ndig f\u00f6rteckning \u00f6ver polishundar som d\u00f6tt och skadats i sina uppdrag. Listan kommer att kompletteras till denna del och nedanst\u00e5ende lista har gjorts den 29 september 2025.<\/p>\n<h3>Hundar som d\u00f6tt i tj\u00e4nst<\/h3>\n<p>Det finns flera fall d\u00e4r en polishund har mist livet i tj\u00e4nst. Nedan ber\u00e4ttar vi om en del av dem.<\/p>\n<ul>\n<li><strong>Polishunden Saku<\/strong> d\u00f6dades den 24\u201325 augusti 1975 under bel\u00e4gringen av Villa Villing i Helsingfors. En narkotikabrottsling hade barrikaderat sig i villan dit Saku skickades. Brottslingen sk\u00f6t Saku fem g\u00e5nger och hunden dog i denna situation. Brottslingen sk\u00f6ts till slut i axeln och greps.<\/li>\n<li><strong>Polishunden Lex<\/strong> d\u00f6dades under ett uppdrag p\u00e5 julaftonen 1975. Lex och hundf\u00f6raren, konstapel Veikko Yl\u00f6nen, unders\u00f6kte inbrott i villor i Westend i Esbo. Under jakten sk\u00f6ts och d\u00f6dades Lex av inbrottstjuvarna. G\u00e4rningsm\u00e4nnen greps och d\u00f6mdes till djurpl\u00e5geri f\u00f6r att ha d\u00f6dat en hund. Lex var k\u00e4nd, den f\u00f6rsta polishunden i Esbo, och grep \u00f6ver 100 misst\u00e4nkta. Enligt konstapel Yl\u00f6nen var det en \u00f6verv\u00e4gd och planerad handling att lurpassa p\u00e5 hunden och syftet var eventuellt ocks\u00e5 att d\u00f6da hunden.<\/li>\n<li><strong>Polishunden Late<\/strong> dog i ett tj\u00e4nsteuppdrag den 27 april 1992. Late och hundf\u00f6raren Jyrki Laulajainen unders\u00f6kte en misst\u00e4nkt inbrottsst\u00f6ld p\u00e5 Brofogdev\u00e4gen i Helsingfors n\u00e4r inbrottstjuvarna \u00f6ppnade eld mot dem. Konstapel Laulajainen sk\u00f6t mot inbrottstjuvarna och situationen slutade med att en skadad tjuv greps. Late dog p\u00e5 operationsbordet p\u00e5 sm\u00e5djurskliniken.<\/li>\n<li><strong>Polishunden Hero<\/strong> m\u00e5ste avlivas i september 2001 efter att ha skadats under en bel\u00e4gring i byn Marikka i Kuusankoski. Poliserna blev beskjutna med hagelgev\u00e4r n\u00e4r de br\u00f6t sig in i ett egnahemshus. En polis skadades och Hero blev sv\u00e5rt skadad av kulorna. Hundf\u00f6raren tvingades avliva Hero. G\u00e4rningsmannen greps efter en l\u00e5ng bel\u00e4gring.<\/li>\n<li><strong>Polishunden Sakke<\/strong> d\u00f6dades i Vasa i juni 2002 efter att ha knivhuggits i sidan i samband med ett gripande. Sakke dog senare av sina skador.<\/li>\n<li><strong>Polishunden Xandon<\/strong> d\u00f6dades i Borg\u00e5 i juli 2002 i samband med en bel\u00e4gring av en bensinstation. En man bev\u00e4pnad med ett pumphagelgev\u00e4r hade barrikaderat sig i bensinstationen och hotade att spr\u00e4nga den. Xandon skickades in och bet sig fast i mannens hand. Mannen sk\u00f6t ihj\u00e4l hunden med sitt hagelgev\u00e4r. Skjutningen visades i tv-nyheterna och v\u00e4ckte stor uppst\u00e5ndelse. Mannen stoppades till slut genom att han sk\u00f6ts i l\u00e5ret.<\/li>\n<li><strong>Polishunden T\u00e4sm\u00e4<\/strong> dog i ett tj\u00e4nsteuppdrag i Sibbo den 12 november 2020 n\u00e4r den var med och grep tv\u00e5 efterlysta personer. T\u00e4sm\u00e4 anv\u00e4ndes i tr\u00e5nga utrymmen i bostaden och lyckades komma ut ur bostaden. Utomhus anf\u00f6ll den en person som den tolkade som fientlig men som var en polis. F\u00f6r att f\u00e5 bukt med hunden var polisen tvungen att anv\u00e4nda sitt tj\u00e4nstevapen, och T\u00e4sm\u00e4 dog senare p\u00e5 djursjukhuset. Fallet kommenterades av \u00f6verkommissarie Jussi Huhtela i Iltasanomat den 14 november 2020. Han konstaterade: &#8221;Ett mycket beklagligt fall, men vi m\u00e5ste \u00e4nd\u00e5 komma ih\u00e5g att polishunden i sista hand \u00e4r ett maktmedelsredskap \u2013 och \u00e4ven ett djur.&#8221;<\/li>\n<\/ul>\n<h3>Hundar som skadats i tj\u00e4nsteuppdrag<\/h3>\n<p>Under sin karri\u00e4r har polishundarna ocks\u00e5 hamnat i m\u00e5nga farliga situationer d\u00e4r de utsatts f\u00f6r v\u00e5ld. Till exempel Lex sk\u00f6ts redan f\u00f6re det \u00f6desdigra fallet i december 1975. Nedan n\u00e4mns n\u00e5gra andra fall:<\/p>\n<ul>\n<li>En man med psykiska problem slog en polishund medvetsl\u00f6s med en r\u00f6jkniv v\u00e5ren 2000. Polisen sk\u00f6t mannen som avled av sina skador.<\/li>\n<li>En inbrottstjuv slog <strong>polishunden Jasse <\/strong>med en friluftsyxa i Korpilahti i september 2000. Situationen intr\u00e4ffade n\u00e4r hunden skulle gripa inbrottstjuven som betedde sig aggressivt. Jasse s\u00e5rades av yxan.<\/li>\n<li><strong>Polishunden Pultti<\/strong> tr\u00e4ffades av ett skott i januari 2012 i Varkaus n\u00e4r polisen omringade en bev\u00e4pnad man i ett h\u00f6ghus. Mannen sk\u00f6t med ett handvapen i korridoren i ett h\u00f6ghus. Skottet tr\u00e4ffade Pultti under \u00f6gat och hundens k\u00e4kben krossades. Pultti \u00e5terh\u00e4mtade sig dock fr\u00e5n skadan.<\/li>\n<\/ul>\n<p><strong>Polishunden B\u00f6rje<\/strong> fick livshotande skador av en knivhuggning i Lovisa i augusti 2016. G\u00e4rningsmannen, en man som rymt fr\u00e5n sjukhuset, knivh\u00f6gg B\u00f6rje i sidan. B\u00f6rje klarade sig och kunde \u00e5terg\u00e5 till arbetet efter rehabilitering.<\/p>\n\t\t<\/p>\n\t<\/div>\n\n<\/div>\n\n","protected":false},"excerpt":{"rendered":"","protected":false},"author":1,"featured_media":0,"parent":3091,"menu_order":0,"comment_status":"closed","ping_status":"closed","template":"","meta":{"_acf_changed":false,"footnotes":""},"class_list":["post-3211","page","type-page","status-publish"],"acf":[],"_links":{"self":[{"href":"https:\/\/poliisisurmat.poliisimuseo.fi\/sv\/wp-json\/wp\/v2\/pages\/3211","targetHints":{"allow":["GET"]}}],"collection":[{"href":"https:\/\/poliisisurmat.poliisimuseo.fi\/sv\/wp-json\/wp\/v2\/pages"}],"about":[{"href":"https:\/\/poliisisurmat.poliisimuseo.fi\/sv\/wp-json\/wp\/v2\/types\/page"}],"author":[{"embeddable":true,"href":"https:\/\/poliisisurmat.poliisimuseo.fi\/sv\/wp-json\/wp\/v2\/users\/1"}],"replies":[{"embeddable":true,"href":"https:\/\/poliisisurmat.poliisimuseo.fi\/sv\/wp-json\/wp\/v2\/comments?post=3211"}],"version-history":[{"count":3,"href":"https:\/\/poliisisurmat.poliisimuseo.fi\/sv\/wp-json\/wp\/v2\/pages\/3211\/revisions"}],"predecessor-version":[{"id":3961,"href":"https:\/\/poliisisurmat.poliisimuseo.fi\/sv\/wp-json\/wp\/v2\/pages\/3211\/revisions\/3961"}],"up":[{"embeddable":true,"href":"https:\/\/poliisisurmat.poliisimuseo.fi\/sv\/wp-json\/wp\/v2\/pages\/3091"}],"wp:attachment":[{"href":"https:\/\/poliisisurmat.poliisimuseo.fi\/sv\/wp-json\/wp\/v2\/media?parent=3211"}],"curies":[{"name":"wp","href":"https:\/\/api.w.org\/{rel}","templated":true}]}}