{"id":3166,"date":"2025-10-09T05:32:32","date_gmt":"2025-10-09T05:32:32","guid":{"rendered":"https:\/\/inmemoriam.iwn.co\/nayttelyt\/kun-yksi-ei-enaan-palaa\/tehtaankadulta-vihtiin\/"},"modified":"2025-11-27T09:28:45","modified_gmt":"2025-11-27T09:28:45","slug":"fran-fabriksgatan-till-vichtis","status":"publish","type":"page","link":"https:\/\/poliisisurmat.poliisimuseo.fi\/sv\/utstallningar\/nar-en-inte-langre-atervander\/fran-fabriksgatan-till-vichtis\/","title":{"rendered":"Fr\u00e5n Fabriksgatan till Vichtis"},"content":{"rendered":"\n<div class=\"section3-block\">\n\t<div class=\"acf-gallery-carousel\">\n\n\t\t<!-- Main Image Swiper -->\n\t\t<div class=\"swiper main-swiper\">\n\t\t\t<div class=\"swiper-wrapper\">\n\t\t\t\t\t\t\t\t\t\t\t\t\t\n\t\t\t\t\n\t\t\t\t\t<div class=\"swiper-slide\">\n\t\t\t\t\t\t<img decoding=\"async\" src=\"https:\/\/poliisisurmat.poliisimuseo.fi\/wp-content\/uploads\/2025\/10\/IMG20251010132510-scaled.jpg\" alt=\"F\u00e4rgfotografi av f\u00f6rem\u00e5l. En turkos tunn bok med en nyckelring ovanp\u00e5. Under boken ligger vita papper med f\u00f6rteckningar eller tidtabeller. Till v\u00e4nster ligger en upps\u00e4ttning tunna, genomskinliga r\u00f6r.\" \/>\n\t\t\t\t\t\t<p class=\"image-caption\">P\u00e5 Polismuseet finns f\u00f6rem\u00e5l som tillh\u00f6rt \u00e4ldre konstapel Antero Palo.<\/p>\n\t\t\t\t\t<\/div>\n\t\t\t\t\t\t\t<\/div>\n\n\t\t\t<!-- Arrows -->\n\t\t\t<div class=\"swiper-button-prev\"><\/div>\n\t\t\t<div class=\"swiper-button-next\"><\/div>\n\t\t<\/div>\n\n\t\t<!-- Thumbnails Swiper -->\n\t\t<div class=\"swiper thumb-swiper\">\n\t\t\t<div class=\"swiper-wrapper\">\n\t\t\t\t\t\t\t\t\t<div class=\"swiper-slide\">\n\t\t\t\t\t\t<img decoding=\"async\" src=\"https:\/\/poliisisurmat.poliisimuseo.fi\/wp-content\/uploads\/2025\/10\/IMG20251010132510-150x150.jpg\" alt=\"F\u00e4rgfotografi av f\u00f6rem\u00e5l. En turkos tunn bok med en nyckelring ovanp\u00e5. Under boken ligger vita papper med f\u00f6rteckningar eller tidtabeller. Till v\u00e4nster ligger en upps\u00e4ttning tunna, genomskinliga r\u00f6r.\" \/>\n\t\t\t\t\t<\/div>\n\t\t\t\t\t\t\t<\/div>\n\t\t<\/div>\n\n\t<\/div>\n\n\t<div class=\"taso3-text\">\n\t\t\n\t\t<p>\n\t\t\t<p>I oktober 1997 d\u00f6dade en dansk rymling tv\u00e5 poliser p\u00e5 Fabriksgatan i Helsingfors. G\u00e4rningen chockade finl\u00e4ndarna. Pressen f\u00f6ljde h\u00e4ndelserna oavbrutet och det str\u00f6mmade in tips till polisen fr\u00e5n medborgarna. Poliserna var ocks\u00e5 uppr\u00f6rda och oroliga n\u00e4r g\u00e4rningsmannen inte genast hittades. M\u00e5nga poliser minns den uppskakade st\u00e4mningen i arbetsgemenskapen. Polisernas n\u00e4rst\u00e5ende var ocks\u00e5 oroliga. En del av poliserna fick reda p\u00e5 h\u00e4ndelserna f\u00f6rst f\u00f6ljande morgon n\u00e4r de talade med sina n\u00e4rst\u00e5ende. En mor inledde samtalet s\u00e5 h\u00e4r: <em>Bra att du lever! Tv\u00e5 poliser har skjutits i Helsingfors.<\/em><\/p>\n<p>Under en l\u00e5ngvarig bel\u00e4gring i Vichtis skadades en polis av en kula fr\u00e5n ett milit\u00e4rgev\u00e4r och en annan dog den regniga och m\u00f6rka junikv\u00e4llen 2016.<\/p>\n<h3>En dansk f\u00f6rrymd f\u00e5nge sk\u00f6t tv\u00e5 poliser i Helsingfors 1997<\/h3>\n<p>Polisen i Helsingfors larmades den 22 oktober 1997 kl. 2.43 till hotell Palace d\u00e4r det hade skett ett r\u00e5n. \u00d6verkonstapel <strong>Eero Holsti<\/strong> och \u00e4ldre konstapel <strong>Antero Palo<\/strong> patrullerade i n\u00e4rheten av hotellet n\u00e4r de underr\u00e4ttades om r\u00e5net. En kort stund senare n\u00e4rmade de sig en man p\u00e5 gatan f\u00f6r att fr\u00e5ga om han hade n\u00e5got att g\u00f6ra med r\u00e5net.<\/p>\n<p>Medan den ena polisen beg\u00e4rde uppgifter om r\u00e5narens signalement via polisradion, fattade mannen sitt beslut. Han drog fram sin pistol och riktade den mot p\u00e5 den polis som talat med honom. Han uppmanade polisen att g\u00e5 mot bilen och tvingade den andra polisen ut ur bilen.\u00a0 D\u00e4refter beordrade han poliserna att l\u00e4gga sig p\u00e5 gatan bredvid polisbilen.<\/p>\n<p>Palo lade sig p\u00e5 magen, men Holsti l\u00e5g p\u00e5 kn\u00e4. Det gjorde r\u00e5naren nerv\u00f6s och han riktade sitt vapen mot Palo och beordrade honom att s\u00e4ga till Holsti att denne ocks\u00e5 skulle l\u00e4gga sig ner. I det \u00f6gonblicket avfyrade r\u00e5naren sitt vapen och tr\u00e4ffade Palo. N\u00e4r Holsti sade n\u00e5gonting sk\u00f6t r\u00e5naren honom i ryggen. D\u00e4refter avfyrade han ytterligare n\u00e5gra skott mot poliserna och flydde.<\/p>\n<p>Den f\u00f6rsta patrullen som kom till g\u00e4rningsplatsen bestod av \u00e4ldre konstapel Mikko Aro och \u00f6verkonstapel Keijo Saarinen. Aro m\u00e4rkte genast att de inte kunde g\u00f6ra n\u00e5gonting. Saarinens uppgift var att kalla p\u00e5 f\u00f6rst\u00e4rkning: <em>M\u00e4nnen ligger p\u00e5 marken, skjutna i huvudet tv\u00e5 g\u00e5nger. H\u00e4r beh\u00f6vs folk och fort! Tv\u00e5 kolleger har blivit beskjutna! <\/em><\/p>\n<p><em>Holstis och Palos patrullbil var fortfarande i g\u00e5ng med belysningen p\u00e5. Aro \u00f6ppnade d\u00f6rren p\u00e5 f\u00f6rarsidan och tittade in i bilen. Den automatiska v\u00e4xell\u00e5dan var i P-l\u00e4ge. I f\u00f6rdjupningen p\u00e5 instrumentbr\u00e4dan framf\u00f6r s\u00e4tet bredvid f\u00f6raren l\u00e5g Holstis uniformsm\u00f6ssa. N\u00e5got v\u00e4ldigt konstigt hade h\u00e4nt. Alla visste att Holsti aldrig utf\u00f6rde ett tj\u00e4nsteuppdrag barhuvad. Aro st\u00e4ngde av motorn, sl\u00e4ckte belysningen och st\u00e4ngde d\u00f6rren. <strong>Poliser m\u00f6rdade p\u00e5 Fabriksgatan i Helsingfors, Utdrag ur boken Linda Rantanen, Suomalaiset poliisisurmat <\/strong><\/em><\/p>\n<p>Polisen inledde omedelbart en skallg\u00e5ng f\u00f6r att f\u00e5 fast m\u00f6rdaren. Omr\u00e5det mellan Hotell Palace och g\u00e4rningsplatsen hade kamera\u00f6vervakning, vilket gav polisen en uppfattning om g\u00e4rningsmannen och hans flyktv\u00e4g. \u00c4ven om det inte fanns \u00f6gonvittnen till mordet fick polisen hundratals tips. Ett av tipsen ledde polisen till ett l\u00e4genhetshotell n\u00e4ra g\u00e4rningsplatsen. Polisen hade utifr\u00e5n identifieringsuppgifterna beslutat att kontrollera l\u00e4genhetshotellet d\u00e4r det fanns egendom som h\u00f6rde till den misst\u00e4nkte g\u00e4rningsmannen. Utifr\u00e5n ett foto som hittades k\u00e4nde receptionisten p\u00e5 Palace igen mannen. Med st\u00f6d av de uppgifter som f\u00e5tts fanns det sk\u00e4l att misst\u00e4nka att mannen var dansk. De danska polismyndigheterna bekr\u00e4ftade detta och ber\u00e4ttade att m\u00f6rdaren var en dansk f\u00f6rrymd f\u00e5nge som beg\u00e5tt flera allvarliga brott.<\/p>\n<p>&nbsp;<\/p>\n<p>Trots polisens avsp\u00e4rrning lyckades g\u00e4rningsmannen fly fr\u00e5n Helsingfors till Tavastehus. Det avg\u00f6rande tipset kom fr\u00e5n ett apotek i Tavastehus. Mannen hade bes\u00f6kt apoteket och namnet p\u00e5 receptet avsl\u00f6jade honom. M\u00f6rdaren hade sett sitt namn p\u00e5 text-tv och anat att han snart skulle \u00e5ka fast. Han l\u00e4mnade hotellet via bakd\u00f6rren och greps av polisen ett par hundra meter fr\u00e5n hotellet den 25 oktober.\u00a0 Mannen motsatte sig inte gripandet och var inte l\u00e4ngre bev\u00e4pnad.<\/p>\n<p>Han d\u00f6mdes till livstids f\u00e4ngelse f\u00f6r skjutvapenbrott, grovt r\u00e5n och tv\u00e5 mord. Han avtj\u00e4nar sitt straff i Danmark och har \u00e4nnu inte beviljats villkorlig frihet 2025.<\/p>\n<p>Minnesbilder av tidpunkten f\u00f6r polismorden p\u00e5 Fabriksgatan<\/p>\n<p><em>Jag arbetade i Helsingfors n\u00e4r Eero Holsti och Antero Palo sk\u00f6ts 1997. Vi var inte i samma skift, men jag visste vem de var och hade talat med dem. N\u00e4r jag fick h\u00f6ra om h\u00e4ndelsen ringde jag sj\u00e4lv jourhavanden p\u00e5 Lilla Robertsgatan och fr\u00e5gade om jag borde komma in. St\u00f6rsta delen av oss kom.\u00a0 <\/em><\/p>\n<p><em>Ett par n\u00e4tter efter h\u00e4ndelsen arbetade vi nattskift och k\u00f6rde till den plats d\u00e4r de blivit skjutna. Vi parkerade polisbilen vid trottoaren. Det fanns inga m\u00e4nniskor i n\u00e4rheten. Jag hoppade ut ur bilen och gick och st\u00e4llde mig p\u00e5 stenl\u00e4ggningen ungef\u00e4r d\u00e4r de hade skjutits. Det var fullt av ljus och blommor p\u00e5 platsen. Det \u00e4r sv\u00e5rt att f\u00f6rklara k\u00e4nslan. D\u00e4r p\u00e5 platsen funderade jag \u00f6ver vad de hunnit t\u00e4nka och hur detta har kunnat h\u00e4nda. <\/em><\/p>\n<p><em>P\u00e5 andra v\u00e5ningen i polisstationen p\u00e5 Lilla Robertsgatan fanns ett r\u00f6krum. P\u00e5 den tiden r\u00f6kte jag \u00e4nnu och lyssnade i r\u00f6krummet n\u00e4r \u00e4ldre poliser satt med sina cigarrer och t\u00e4nkte tillbaka. Holsti r\u00f6kte sm\u00e5 cigarrer och var en mycket uppskattad polis som snart skulle g\u00e5 i pension.\u00a0 Vi unga \u201dspolingar\u201d satt g\u00e4rna och lyssnade p\u00e5 hans historier. Jag t\u00e4nkte ofta att \u201dallt \u00e4r och kommer att vara under kontroll\u201d n\u00e4r lugna m\u00e4n som de f\u00f6rklarar hur v\u00e4rlden fungerar. N\u00e4r denna man sk\u00f6ts kallblodigt i ryggen p\u00e5 gatan vacklade k\u00e4nslan av grundtrygghet mycket kraftigt. Allt v\u00e5ld som riktas mot polisen kommer alltid mycket n\u00e4ra. Informationen om h\u00e4ndelserna i Vichtis v\u00e4ckte igen samma k\u00e4nsla. <\/em><\/p>\n<p><em>D\u00f6dsfallen chockade hela polisk\u00e5ren, s\u00e4rskilt n\u00e4r g\u00e4rningss\u00e4ttet uppdagades. F\u00f6r de kolleger som var mest inblandade i dessa h\u00e4ndelser har det naturligtvis varit m\u00e5ngfalt tyngre. Holstis och Palos n\u00e4rmaste arbetskamraters sorg var p\u00e5taglig. Jag s\u00e5g \u00e4ven \u00e4ldre poliser gr\u00e5ta. Begravningen h\u00f6lls i Johanneskyrkan. Det var enormt mycket poliser p\u00e5 plats. N\u00e4r vi levde med i sorgen f\u00f6renade den ocks\u00e5 oss poliser p\u00e5 n\u00e5got s\u00e4tt. Det syskonskap och broderskap som genomsyrar hela organisationen \u00e4r ov\u00e4rderligt.\u00a0 <\/em><\/p>\n<p><em>Efter d\u00f6dsfallen, n\u00e4r g\u00e4rningsmannen redan hade gripits, var vi med om en tr\u00e5kig situation under ett nattskift. Vid j\u00e4rnv\u00e4gstorget plockade vi upp en berusad person som hade h\u00e4rjat i bussen. Bak i bilen n\u00e4mnde han spefullt namnen p\u00e5 de m\u00f6rdade poliserna och den danska f\u00f6rrymda f\u00e5ngen och l\u00e4t f\u00f6rst\u00e5 att vi skulle kunna vara f\u00e5ngens f\u00f6ljande offer. Det h\u00f6jde blodtrycket, men jag och min partner hanterade situationen med iskallt lugn och professionellt. <strong>Marko Lehtoranta, \u00f6verkonstapel, Polisyrkesh\u00f6gskolan.<\/strong> <\/em><\/p>\n<p>&nbsp;<\/p>\n<p>En man d\u00f6dade en polis med ett milit\u00e4rgev\u00e4r i Vichtis 2016<\/p>\n<p>&nbsp;<\/p>\n<p><em>Jag kan inte p\u00e5st\u00e5 att h\u00e4ndelsen inte har satt sina sp\u00e5r. Jag var s\u00e5 n\u00e4ra Tomi n\u00e4r allt h\u00e4nde. Jag t\u00e4nkte l\u00e4nge att jag aldrig blir kvitt den synen, eller gl\u00f6mmer hans ansikte. Tomi \u00e4r naturligtvis inte bortgl\u00f6md och kommer inte att bli det, men de grymmaste minnesbilderna har bleknat n\u00e5got. <strong>Antero Timonen, &#8221;Situationen var exceptionellt ov\u00e4ntad&#8221;. Utdrag ur boken Linda Rantanen, Suomalaiset poliisisurmat, 2024. <\/strong><\/em><\/p>\n<p>Polisen i V\u00e4stra Nyland larmades till en lastbilsf\u00f6retagares egnahemshus i Vichtis p\u00e5 fredagskv\u00e4llen den 17 juni 2016 kl. 20.53. Enligt de uppgifter som polisen f\u00e5tt besk\u00f6t en man sin unga sl\u00e4kting med ett vapen som p\u00e5minde om en slangb\u00e5ge n\u00e4r sl\u00e4ktingen k\u00f6rde med traktor p\u00e5 granntomten.<\/p>\n<p>Den f\u00f6rsta patrullen som kom till platsen avsp\u00e4rrade omr\u00e5det. Utifr\u00e5n de prelimin\u00e4ra uppgifterna grundade polisen en l\u00e4gesorganisation f\u00f6r kr\u00e4vande situationer som bestod av \u00e5tta patruller. Poliserna kl\u00e4dde sig i terr\u00e4ngdr\u00e4kter och tunga skyddsv\u00e4star. Skyttens egnahemshus var m\u00f6rkt. Ingen svarade p\u00e5 polisens order och telefonsamtal.<\/p>\n<p>Klockan 23.29 flyttade insatsenheten med fyra poliser som bestod av poliser f\u00f6r kr\u00e4vande situationer vid polisinr\u00e4ttningen i V\u00e4stra Nyland till huvudd\u00f6rren f\u00f6r att unders\u00f6ka huset p\u00e5 insidan. N\u00e4r poliserna br\u00f6t upp d\u00f6rrl\u00e5set kom skyttens fru ut i farstun men gick genast tillbaka in. Polisen slutade att bryta upp d\u00f6rren och fortsatte att ge order.<\/p>\n<p>Klockan 23.32 fortsatte polisen att bryta upp ytterd\u00f6rren. S\u00e5 fort polisen fick upp d\u00f6rren sk\u00f6t mannen flera skott mot poliserna som stod vid d\u00f6rren. Insatsenhetens ledare som befann sig vid ytterd\u00f6rren, \u00e4ldre konstapel Mikko Ven\u00e4l\u00e4inen, svarade p\u00e5 elden och sk\u00f6t tre skott som inte tr\u00e4ffade. Ven\u00e4l\u00e4inen sj\u00e4lv tr\u00e4ffades d\u00e4remot i armb\u00e5gen. Poliserna drog sig tillbaka.<\/p>\n<p>Klockan 23.25 meddelade \u00e4ldre konstapel Ven\u00e4l\u00e4inen via Virve-radion att han tr\u00e4ffats av ett skott och inte kunde forts\u00e4tta uppdraget. Han g\u00f6mde sig bakom en gr\u00e4vmaskin. \u00c4ldre konstapel <strong>Tomi Keskinen<\/strong> som hade utbildning i livr\u00e4ddande f\u00f6rsta hj\u00e4lpen begav sig iv\u00e4g f\u00f6r att hj\u00e4lpa den skadade kollegan. Vid husets ytterd\u00f6rr sk\u00f6t mannen Keskinen i ryggen n\u00e4r denne sprang \u00f6ver en \u00e4ng p\u00e5 trettiofem meters avst\u00e5nd. Keskinen f\u00f6ll till marken men klarade av att meddela via Virve-radion att han tr\u00e4ffats av ett skott. Han dog snabbt av sina skador p\u00e5 h\u00e4ndelseplatsen. Kulan fr\u00e5n stormgev\u00e4ret hade tr\u00e4ffat honom p\u00e5 ett oskyddat omr\u00e5de i ryggen p\u00e5 och g\u00e5tt genom kroppen.<\/p>\n<p>\u00c4ldre konstapel Antero Timonen deltog i uppdraget i Vichtis och ber\u00e4ttar om h\u00e4ndelsen:<\/p>\n<p><em>Jag begav mig i v\u00e4g f\u00f6r att s\u00f6ka Tomi. F\u00f6rh\u00e5llandena var mycket sv\u00e5ra, det var beckm\u00f6rkt och \u00f6sregn. Jag kunde inte ta mig fram uppr\u00e4tt eftersom mannen fortfarande sk\u00f6t p\u00e5 g\u00e5rden. Jag kr\u00f6p fram i gr\u00e4set utan att se n\u00e5gonting. Jag lyckades hitta Tomi ungef\u00e4r en minut efter att han tr\u00e4ffats. Tiden ber\u00e4knades senare exakt utifr\u00e5n radiotrafiken, men jag kommer inte ih\u00e5g den. Jag s\u00f6kte honom \u00e4nd\u00e5 s\u00e5 snabbt som det var m\u00f6jligt i den situationen. Jag minns att s\u00e5 fort jag s\u00e5g Tomis ansikte visste jag att det var d\u00e5ligt st\u00e4llt, situationen var hoppl\u00f6s. Trots det f\u00f6rs\u00f6kte jag lokalisera skadan. Jag tog av honom hj\u00e4lmen och s\u00e5g om huvudet var oskadat. Jag unders\u00f6kte ocks\u00e5 benen, men hittade inte skadan. Senare visade det sig att han tr\u00e4ffats i nedre delen av ryggen. Jag fick ingen kontakt med honom l\u00e4ngre. Jag b\u00f6rjade evakuera Tomi genom att \u00e5la mig fram i gr\u00e4set. Fr\u00e5n g\u00e5rden h\u00f6rdes hela tiden skott. Jag var r\u00e4dd att mannen skulle se oss. Jag kr\u00f6p med ryggen i f\u00e4rdriktningen, h\u00f6ll vapnet skjutklart och drog Tomi efter mig. Det regnade s\u00e5 h\u00e5rt att \u00e4ngen f\u00f6rvandlades till lerv\u00e4lling. Det k\u00e4ndes hoppl\u00f6st att kunna flytta oss b\u00e5da tv\u00e5 d\u00e5 jag inte hade n\u00e5gonting stadigt under f\u00f6tterna. Men jag lyckades \u00e4nd\u00e5 dra Tomi flera meter. Till slut placerade jag mig p\u00e5 \u00e4ngen s\u00e5 att jag hade videbuskar bakom mig. Jag t\u00e4nkte att om jag har buskarna bakom mig syns \u00e5tminstone inte mitt huvud fr\u00e5n huset. Jag v\u00e4ntade d\u00e4r ganska l\u00e4nge och skyddade Tomi och mig sj\u00e4lv. Det fanns inga andra poliser p\u00e5 den sidan. <strong>Antero Timonen, &#8221;Situationen var exceptionellt ov\u00e4ntad&#8221;. Utdrag ur boken Linda Rantanen, Suomalaiset poliisisurmat, 2024. <\/strong><\/em><\/p>\n<p>&nbsp;<\/p>\n<p>Vid huset var situationen \u00e4nnu inte \u00f6ver. Tre poliser tog skydd vid en husvagn vid husets bakre h\u00f6rn. Skytten och poliserna sk\u00f6t \u00e4nnu flera tiotals skott, och en av polisernas kulor tr\u00e4ffade mannen i underarmen och gick vidare till v\u00e4nster sida.<\/p>\n<p>Mannen sk\u00f6t sig sj\u00e4lv klockan 23.45. Poliserna k\u00e4nde inte till sj\u00e4lvmordet f\u00f6rr\u00e4n poliser fr\u00e5n beredskapsenheten Karhu vid polisinr\u00e4ttningen i Helsingfors kom till platsen vid ettiden p\u00e5 natten. De beordrade mannens fru ut ur huset och fastigheten granskades. I huset hittades f\u00f6rutom tv\u00e5 magasin till det stormgev\u00e4r som anv\u00e4nts vid skottlossningen 11 fulladdade magasin, andra olovliga skjutvapen, tre slangb\u00e5gar, dynamit och n\u00e4stan 1 700 patroner. Mannen hittades p\u00e5 g\u00e5rden utanf\u00f6r sitt hem den 18 juni 2016 kl. 01.32.<\/p>\n\t\t<\/p>\n\t<\/div>\n\n<\/div>\n\n","protected":false},"excerpt":{"rendered":"","protected":false},"author":1,"featured_media":0,"parent":3093,"menu_order":0,"comment_status":"closed","ping_status":"closed","template":"","meta":{"_acf_changed":false,"footnotes":""},"class_list":["post-3166","page","type-page","status-publish"],"acf":[],"_links":{"self":[{"href":"https:\/\/poliisisurmat.poliisimuseo.fi\/sv\/wp-json\/wp\/v2\/pages\/3166","targetHints":{"allow":["GET"]}}],"collection":[{"href":"https:\/\/poliisisurmat.poliisimuseo.fi\/sv\/wp-json\/wp\/v2\/pages"}],"about":[{"href":"https:\/\/poliisisurmat.poliisimuseo.fi\/sv\/wp-json\/wp\/v2\/types\/page"}],"author":[{"embeddable":true,"href":"https:\/\/poliisisurmat.poliisimuseo.fi\/sv\/wp-json\/wp\/v2\/users\/1"}],"replies":[{"embeddable":true,"href":"https:\/\/poliisisurmat.poliisimuseo.fi\/sv\/wp-json\/wp\/v2\/comments?post=3166"}],"version-history":[{"count":2,"href":"https:\/\/poliisisurmat.poliisimuseo.fi\/sv\/wp-json\/wp\/v2\/pages\/3166\/revisions"}],"predecessor-version":[{"id":4128,"href":"https:\/\/poliisisurmat.poliisimuseo.fi\/sv\/wp-json\/wp\/v2\/pages\/3166\/revisions\/4128"}],"up":[{"embeddable":true,"href":"https:\/\/poliisisurmat.poliisimuseo.fi\/sv\/wp-json\/wp\/v2\/pages\/3093"}],"wp:attachment":[{"href":"https:\/\/poliisisurmat.poliisimuseo.fi\/sv\/wp-json\/wp\/v2\/media?parent=3166"}],"curies":[{"name":"wp","href":"https:\/\/api.w.org\/{rel}","templated":true}]}}