{"id":3131,"date":"2025-10-09T05:38:25","date_gmt":"2025-10-09T05:38:25","guid":{"rendered":"https:\/\/inmemoriam.iwn.co\/nayttelyt\/poliisi-on-tavallinen-ihminen\/kuolemansyy-on-aina-selvitettava\/"},"modified":"2025-11-25T07:58:59","modified_gmt":"2025-11-25T07:58:59","slug":"dodsorsaken-maste-alltid-utredas","status":"publish","type":"page","link":"https:\/\/poliisisurmat.poliisimuseo.fi\/sv\/utstallningar\/polisen-ar-en-vanlig-manniska-med-ovanliga-arbetsuppgifter\/dodsorsaken-maste-alltid-utredas\/","title":{"rendered":"D\u00f6dsorsaken m\u00e5ste alltid utredas"},"content":{"rendered":"\n<div class=\"section3-block\">\n\t<div class=\"acf-gallery-carousel\">\n\n\t\t<!-- Main Image Swiper -->\n\t\t<div class=\"swiper main-swiper\">\n\t\t\t<div class=\"swiper-wrapper\">\n\t\t\t\t\t\t\t\t\t\t\t\t\t\n\t\t\t\t\n\t\t\t\t\t<div class=\"swiper-slide\">\n\t\t\t\t\t\t<img decoding=\"async\" src=\"https:\/\/poliisisurmat.poliisimuseo.fi\/wp-content\/uploads\/2025\/10\/4er2r20_55-scaled.jpg\" alt=\"F\u00e4rgbild av en gammal ljus metallskylt med anvisningar och text p\u00e5 b\u00e5de finska och svenska. Texten lyder &quot;Rikospoliisi Kriminalpolisen&quot;, &quot;ryhm\u00e4 I gruppen&quot;, &quot;porras A trappan&quot;, &quot;kerros III v\u00e5ningen&quot;. P\u00e5 skylten finns en pil som visar v\u00e4gen.\" \/>\n\t\t\t\t\t\t<p class=\"image-caption\">Skylt som p\u00e5 1920- och 1930-talet visat v\u00e4gen till kriminalpolisens kansli vid Helsingfors polisinr\u00e4ttning. Kriminalpolisen utreder och avsl\u00f6jar brott f\u00f6r att \u00e5talspr\u00f6vning ska kunna ske. Kriminalpolisen \u00e4gnar sig ocks\u00e5 \u00e5t brottsf\u00f6rebyggande verksamhet och vidareutvecklar metoder f\u00f6r brottsutredning.<\/p>\n\t\t\t\t\t<\/div>\n\t\t\t\t\t\t\t<\/div>\n\n\t\t\t<!-- Arrows -->\n\t\t\t<div class=\"swiper-button-prev\"><\/div>\n\t\t\t<div class=\"swiper-button-next\"><\/div>\n\t\t<\/div>\n\n\t\t<!-- Thumbnails Swiper -->\n\t\t<div class=\"swiper thumb-swiper\">\n\t\t\t<div class=\"swiper-wrapper\">\n\t\t\t\t\t\t\t\t\t<div class=\"swiper-slide\">\n\t\t\t\t\t\t<img decoding=\"async\" src=\"https:\/\/poliisisurmat.poliisimuseo.fi\/wp-content\/uploads\/2025\/10\/4er2r20_55-150x150.jpg\" alt=\"F\u00e4rgbild av en gammal ljus metallskylt med anvisningar och text p\u00e5 b\u00e5de finska och svenska. Texten lyder &quot;Rikospoliisi Kriminalpolisen&quot;, &quot;ryhm\u00e4 I gruppen&quot;, &quot;porras A trappan&quot;, &quot;kerros III v\u00e5ningen&quot;. P\u00e5 skylten finns en pil som visar v\u00e4gen.\" \/>\n\t\t\t\t\t<\/div>\n\t\t\t\t\t\t\t<\/div>\n\t\t<\/div>\n\n\t<\/div>\n\n\t<div class=\"taso3-text\">\n\t\t\n\t\t<p>\n\t\t\t<p><em>\u00c4ven om jag kan f\u00f6rklara d\u00f6den yrkesm\u00e4ssigt medger jag att d\u00f6den \u00e4r f\u00f6rknippad med n\u00e5gonting mer \u00e4n biologi och yrkeskunskap. Att arbeta med d\u00f6den g\u00f6r en \u00f6dmjuk och man g\u00f6r sitt b\u00e4sta f\u00f6r att allt ska redas ut. Man f\u00e5r aldrig slarva n\u00e4r det \u00e4r fr\u00e5ga om d\u00f6den \u2013 utredningen m\u00e5ste g\u00f6ras s\u00e5 bra som m\u00f6jligt, inte &#8221;dit\u00e5t&#8221;.<\/em><\/p>\n<p><em>Erkki Salo, l\u00e4rare i brottsutredning vid Polisskolan, ber\u00e4ttade om kr\u00e4vande brottsutredning p\u00e5 ett s\u00e4tt som jag starkt identifierade mig med. Allt grundar sig p\u00e5 tanken om att r\u00e4ttvisa ska f\u00f6rverkligas. De anh\u00f6riga och hela samh\u00e4llet v\u00e4ntar p\u00e5 att ett fall ska redas ut och jag ville vara med i detta arbete. <\/em><\/p>\n<p><em>Jag har varit intresserad av utmaningar. Ibland m\u00e5ste man l\u00e4mna sin bekv\u00e4mlighetszon, men det \u00e4r precis det som fr\u00e4mjar yrkesutvecklingen. Arbetet k\u00e4ndes meningsfullt n\u00e4r ett omfattande, kr\u00e4vande fall var utrett och klart.<\/em><\/p>\n<p><strong><em>\u00d6verkonstapel Marko Lehtoranta.<\/em><\/strong><strong><em> Han arbetade med kr\u00e4vande brottsutredning vid polisinr\u00e4ttningen i Tammerfors \u00e5ren 2003\u20132015.\u00a0 Sedan 2016 undervisar han i utredning av d\u00f6dsorsak vid Polisyrkesh\u00f6gskolan. <\/em><\/strong><\/p>\n<p><em>\u00a0<\/em>Utredning av d\u00f6dsorsak f\u00f6reskrivs i lag och d\u00f6dsorsaken ska alltid utredas innan den avlidne begravs. D\u00f6dsorsaken utreds i Finland som en medicinsk eller r\u00e4ttsmedicinsk utredning. Om d\u00f6dsfallet har berott p\u00e5 en sjukdom och den avlidne har behandlats av en l\u00e4kare under sin sista sjukdom, skriver behandlande l\u00e4karen eller en h\u00e4lsocentralsl\u00e4kare d\u00f6dsattesten och utf\u00e4rdar begravningstillst\u00e5nd. Obduktion kan g\u00f6ras vid behov.<\/p>\n<p>Endast en femtedel av d\u00f6dsfallen i Finland unders\u00f6ks av polisen. En vanlig missuppfattning \u00e4r att polisen till exempel utreder alla d\u00f6dsfall som intr\u00e4ffat i hemmet. Polisen leder utredningen av d\u00f6dsorsaken om d\u00f6dsfallet har varit ov\u00e4ntat, om det inte \u00e4r k\u00e4nt att det berott p\u00e5 en sjukdom eller om det finns anledning att misst\u00e4nka att orsaken \u00e4r ett brott, ett olycksfall, sj\u00e4lvmord, f\u00f6rgiftning, en yrkessjukdom eller en behandlings\u00e5tg\u00e4rd. \u00c4ven n\u00e4r d\u00f6dsfallet intr\u00e4ffat under s\u00e4rskilda f\u00f6rh\u00e5llanden, t.ex. n\u00e4r personen varit gripen eller gjort sin v\u00e4rnplikt, g\u00f6rs en r\u00e4ttsmedicinsk utredning.\u00a0 Den prim\u00e4ra uppgiften f\u00f6r polisens utredning av d\u00f6dsorsak \u00e4r att p\u00e5 ett tillf\u00f6rlitligt s\u00e4tt utreda d\u00f6dsorsaken och d\u00f6dss\u00e4ttet samt s\u00e4kerst\u00e4lla att ett eventuellt brott uppdagas. P\u00e5 s\u00e5 s\u00e4tt tryggas medborgarnas r\u00e4ttsskydd och r\u00e4ttssystemets tillf\u00f6rlitlighet.<\/p>\n<p>Om d\u00f6dsfallet \u00e4r f\u00f6rknippat med ett brott \u00e4r det polisens uppgift att samla in all tillg\u00e4nglig information och allt bevismaterial i anslutning till h\u00e4ndelsen. Unders\u00f6kningen m\u00e5ste vara opartisk. Det betyder att man i utredningsarbetet s\u00f6ker bevis b\u00e5de mot och f\u00f6r den misst\u00e4nkte. Ingen f\u00e5r behandlas som skyldig f\u00f6rr\u00e4n domstolen har fattat sitt beslut. Brottsutredningen \u00e4r en officiell och laglig process vars syfte \u00e4r att utreda sanningen om brottsmisstanken och skapa en grund f\u00f6r huruvida \u00e4rendet kan f\u00f6ras vidare till domstol.<\/p>\n<p>N\u00e4r utredningsarbetet har utf\u00f6rts avslutar polisen utredningen och uppr\u00e4ttar ett f\u00f6runders\u00f6kningsprotokoll \u00f6ver hela materialet. Denna helhet \u00f6verf\u00f6rs till \u00e5klagaren f\u00f6r behandling, dvs. f\u00f6r \u00e5talspr\u00f6vning. Om bevisningen \u00e4r tillr\u00e4cklig och det finns sannolika grunder f\u00f6r att personen \u00e4r skyldig, v\u00e4cker \u00e5klagaren \u00e5tal och \u00e4rendet framskrider till r\u00e4tteg\u00e5ng.<\/p>\n<p>Den tyngsta situationen f\u00f6r anh\u00f6riga \u00e4r n\u00e4r en person har varit f\u00f6rsvunnen l\u00e4nge, men hittas varken levande eller d\u00f6d.\u00a0 I en s\u00e5dan situation \u00e4r kommunikationen och interaktionen med de anh\u00f6riga s\u00e4rskilt utmanande.\u00a0 \u00c4ven om de anh\u00f6riga troligen vet inom sig att deras n\u00e4rst\u00e5ende som varit f\u00f6rsvunnen l\u00e4nge \u00e4r d\u00f6d, skulle det inneb\u00e4ra en slutpunkt att hitta kroppen \u2013 de skulle f\u00e5 n\u00e5got de kan begrava och en plats de kan bes\u00f6ka f\u00f6r att minnas.<\/p>\n<p><em>Hur det k\u00e4nns att leva i ovisshet kan man ungef\u00e4r f\u00f6rest\u00e4lla sig, men sm\u00e4rtan kan man inte k\u00e4nna. Situationen \u00e4r os\u00e4ker och oavslutad. Dessutom lyfter medierna med regelbundna mellanrum fram dessa fr\u00e5gor, vilket s\u00e4kerligen inte g\u00f6r det l\u00e4ttare. <\/em><\/p>\n<p><em>\u00c5r 2007 deltog jag i ett seminarium i Ule\u00e5borg d\u00e4r mamman till en l\u00e4nge f\u00f6rsvunnen person h\u00f6ll ett k\u00e4nslofullt tal. En brottsjournalist h\u00f6ll ocks\u00e5 ett f\u00f6redrag d\u00e4r han f\u00f6rsvarade sin kv\u00e4llstidnings s\u00e4tt att ber\u00e4tta om brott. N\u00e5gon i publiken st\u00e4llde en kritisk fr\u00e5ga om inte s\u00e4ttet att skriva kr\u00e4nker de anh\u00f6riga och visar vanv\u00f6rdnad, eftersom nyhetsrapporteringen snarare verkar vara penningorienterat frosseri som \u00e4r allt annat \u00e4n m\u00e4nskligt.\u00a0 Journalisten blev lite irriterad och p\u00e5stod att de anh\u00f6riga beaktas. Jag anser dock att man i nyhetsrapporteringen ofta gl\u00f6mmer att visa respekt f\u00f6r de anh\u00f6riga och att l\u00e4mna dem i fred. <strong>\u00d6verkonstapel Marko Lehtoranta, Polisyrkesh\u00f6gskolan.<\/strong><\/em><\/p>\n<h3>R\u00e4ttsmedicinsk utredning av d\u00f6dsorsak<\/h3>\n<p>N\u00e4r man hittar en avliden som d\u00f6tt under oklara f\u00f6rh\u00e5llanden \u00e4r det vanligen en polispatrull som kommer f\u00f6rst till platsen. Poliserna avsp\u00e4rrar omr\u00e5det och s\u00e4kerst\u00e4ller att ingen r\u00f6r vid n\u00e5got.\u00a0 I detta skede har \u00e4ven de poliser som arbetar inom utredningen underr\u00e4ttats. F\u00f6rst unders\u00f6ks den avlidne av de tekniska utredarna som har skyddsutrustning. De dokumenterar eventuella skador p\u00e5 den avlidne och f\u00f6rh\u00e5llandena p\u00e5 h\u00e4ndelseplatsen. Som bevismaterial tas bland annat fingeravtryck och DNA-prov.\u00a0 De g\u00f6r en brottsanm\u00e4lan och den avlidne f\u00f6rs f\u00f6r att obduceras.\u00a0 R\u00e4ttsl\u00e4karen f\u00f6rpliktar polisen att n\u00e4rvara vid obduktionen.\u00a0 I oklara fall \u00e4r f\u00e4rska fynd och l\u00e4karutl\u00e5tanden av st\u00f6rsta vikt f\u00f6r utredningen.\u00a0 De taktiska utredarna kommer till platsen n\u00e4r tekniken \u00e4r klar och de f\u00f6r \u00e4rendet vidare. Idealsituationen \u00e4r att b\u00e5da utredningarna \u00e4r med genast fr\u00e5n b\u00f6rjan.<\/p>\n<p>Polisen h\u00f6r den brottsmisst\u00e4nkte och vittnena i anslutning till h\u00e4ndelsen. I allvarligare fall kan polisen bli tvungen att tillgripa \u00e5tg\u00e4rder som lagen till\u00e5ter, s\u00e5som anh\u00e5llande eller husrannsakan, f\u00f6r att brottet ska kunna utredas.<\/p>\n<h3>Att l\u00e4mna d\u00f6dsbud \u00e4r en av polisens mest kr\u00e4vande uppgifter<\/h3>\n<p>N\u00e4r polisen ansvarar f\u00f6r utredningen av d\u00f6dsorsaken \u00e4r det ocks\u00e5 polisen som l\u00e4mnar d\u00f6dsbud till de anh\u00f6riga.\u00a0 Det \u00e4r en av polisens mest kr\u00e4vande uppgifter. Uppgiften kr\u00e4ver f\u00f6rberedelser, empati och gedigen yrkesskicklighet. Om det \u00e4r m\u00f6jligt ska de anh\u00f6riga alltid informeras ansikte mot ansikte. D\u00f6dsbud ska helst inte l\u00e4mnas per telefon. Ett undantag \u00e4r om den anh\u00f6riga till exempel befinner sig utomlands eller av annan orsak inte \u00e4r antr\u00e4ffbar. I allm\u00e4nhet bes\u00f6ker tv\u00e5 poliser de anh\u00f6riga.<\/p>\n<p>De anh\u00f6rigas reaktioner varierar kraftigt, fr\u00e5n f\u00f6rkrossande sorg till chock. En person i chocktillst\u00e5nd kan verka lugn, ta itu med n\u00e5gonting som \u00e4r mindre viktigt, till exempel koka kaffe, eller s\u00e5 kan personen till och med v\u00e4gra tro p\u00e5 det som ber\u00e4ttas.\u00a0 Det sistn\u00e4mnda \u00e4r den mest obehagliga situationen f\u00f6r den som l\u00e4mnat d\u00f6dsbudet, eftersom man inte kan vara helt s\u00e4ker p\u00e5 om personen har f\u00f6rst\u00e5tt det som ber\u00e4ttats.<\/p>\n<p>I det \u00f6gonblick en m\u00e4nniska \u00f6ppnar d\u00f6rren f\u00f6r en polis som kommer med d\u00f6dsbud, f\u00f6r\u00e4ndras hennes liv helt.\u00a0 Informationen \u00e4r f\u00f6rkrossande och n\u00e5got som aldrig upprepas. \u00c4ven om denna uppgift h\u00f6r till polisens tj\u00e4nsteuppdrag, \u00e4r det ingenting som avklaras som hastigast eller i f\u00f6rbifarten.\u00a0 Det m\u00e5ste g\u00f6ras utan br\u00e5dska, med respekt och v\u00e4rdighet.<\/p>\n<p><em>Jag och min kollega unders\u00f6kte ett fall d\u00e4r en ung man hade hoppat av taket p\u00e5 ett h\u00f6gt hus i n\u00e4rheten av Tammerfors centrum. F\u00f6rst verkade det som om n\u00e5gon skulle ha hj\u00e4lpt till, men vi fick inga bevis p\u00e5 det. N\u00e4r den avlidnes identitet var utredd \u00e5kte vi till pappans bostad i Annala n\u00e4ra Kaukaj\u00e4rvi och som vanligt gick vi i bilen igenom alla v\u00e4sentliga detaljer vi k\u00e4nde till om fallet. Vi kom \u00f6verens om att jag \u00e4r den som talar i f\u00f6rsta hand, men om jag av en eller annan orsak inte klarar av det tar min kollega \u00f6ver. Enligt befolkningsdatasystemet bodde pappan ensam.<\/em><\/p>\n<p><em>Jag ringde p\u00e5 d\u00f6rrklockan och d\u00f6rren \u00f6ppnades av en man som var \u00e4ldre \u00e4n oss.\u00a0 Vi presenterade oss och s\u00e4kerst\u00e4llde att han var den vi s\u00f6kte. Jag bad att vi skulle f\u00e5 komma in i l\u00e4genheten. Jag ber\u00e4ttade f\u00f6r mannen att hans son hade d\u00f6tt genom sj\u00e4lvmord. Mannen svarade ingenting p\u00e5 det utan bad oss s\u00e4tta oss och fr\u00e5gade om vi ville ha kaffe. Vi tackade artigt nej. L\u00e4genheten var ganska asketisk, men d\u00e4r var snyggt. Bostaden var typisk f\u00f6r en \u00e4ldre ensam man. Kanske lite inst\u00e4ngt, men allt tydde p\u00e5 att mannen sk\u00f6tte bra om bostaden.\u00a0 I vardagsrummet fanns ett ovalt soffbord, tv\u00e5 f\u00e5t\u00f6ljer och en liten soffa. En bokhylla p\u00e5 v\u00e4ggen. Enkelt men v\u00e4lfungerande. <\/em><\/p>\n<p><em>Mannen bad att vi s\u00e4tter oss p\u00e5 soffan, gick tyst till bokhyllan och tog n\u00e5gra fotoalbum. Han satte sig p\u00e5 soffan mellan oss och \u00f6ppnade det f\u00f6rsta albumet. Vi satt alla tyst och tittade p\u00e5 foton. Mannen visade bilder av sin son som nyf\u00f6dd, dopet, f\u00f6delsedagar, daghemsfoton, skolfoton, konfirmandfoton och mycket annat. St\u00e4mningen var p\u00e5taglig. Mannen satt mellan oss b\u00f6jd \u00f6ver albumen, jag tittade snabbt p\u00e5 min kollega och s\u00e5g att han ocks\u00e5 var r\u00f6rd. Det \u00e4r sv\u00e5rt att beskriva allt jag t\u00e4nkte, men det var n\u00e5gonting i det \u00f6gonblicket som jag aldrig gl\u00f6mmer. Vi bes\u00f6kte mannen f\u00f6r att ber\u00e4tta att hans enda barn har avlidit och han ville ber\u00e4tta om sonens liv f\u00f6r oss med hj\u00e4lp av fotografierna. Det var en stor \u00e4ra. <strong>D\u00f6dsbud till en far, \u00f6verkonstapel Marko Lehtoranta, Polisyrkesh\u00f6gskolan.<\/strong><strong>\u00a0 <\/strong><\/em><\/p>\n<p>Numera \u00e5ker allt oftare en pr\u00e4st eller krishj\u00e4lpsarbetare fr\u00e5n socialjouren tillsammans med polisen f\u00f6r att l\u00e4mna d\u00f6dsbud. De kan stanna hos de anh\u00f6riga efter att polisen avl\u00e4gsnat sig. Efter uppdraget g\u00e5r patrullen vanligen igenom situationen genast n\u00e4r de s\u00e4tter sig i bilen. Ibland kan situationen kr\u00e4va grundligare diskussion.\u00a0 Att sopa k\u00e4nslorna under mattan fungerar inte p\u00e5 l\u00e5ng sikt. En bra chef anar situationen och kan f\u00f6ra \u00e4rendet vidare om det beh\u00f6vs samtal.<\/p>\n\t\t<\/p>\n\t<\/div>\n\n<\/div>\n\n","protected":false},"excerpt":{"rendered":"","protected":false},"author":1,"featured_media":0,"parent":3097,"menu_order":0,"comment_status":"closed","ping_status":"closed","template":"","meta":{"_acf_changed":false,"footnotes":""},"class_list":["post-3131","page","type-page","status-publish"],"acf":[],"_links":{"self":[{"href":"https:\/\/poliisisurmat.poliisimuseo.fi\/sv\/wp-json\/wp\/v2\/pages\/3131","targetHints":{"allow":["GET"]}}],"collection":[{"href":"https:\/\/poliisisurmat.poliisimuseo.fi\/sv\/wp-json\/wp\/v2\/pages"}],"about":[{"href":"https:\/\/poliisisurmat.poliisimuseo.fi\/sv\/wp-json\/wp\/v2\/types\/page"}],"author":[{"embeddable":true,"href":"https:\/\/poliisisurmat.poliisimuseo.fi\/sv\/wp-json\/wp\/v2\/users\/1"}],"replies":[{"embeddable":true,"href":"https:\/\/poliisisurmat.poliisimuseo.fi\/sv\/wp-json\/wp\/v2\/comments?post=3131"}],"version-history":[{"count":2,"href":"https:\/\/poliisisurmat.poliisimuseo.fi\/sv\/wp-json\/wp\/v2\/pages\/3131\/revisions"}],"predecessor-version":[{"id":3878,"href":"https:\/\/poliisisurmat.poliisimuseo.fi\/sv\/wp-json\/wp\/v2\/pages\/3131\/revisions\/3878"}],"up":[{"embeddable":true,"href":"https:\/\/poliisisurmat.poliisimuseo.fi\/sv\/wp-json\/wp\/v2\/pages\/3097"}],"wp:attachment":[{"href":"https:\/\/poliisisurmat.poliisimuseo.fi\/sv\/wp-json\/wp\/v2\/media?parent=3131"}],"curies":[{"name":"wp","href":"https:\/\/api.w.org\/{rel}","templated":true}]}}