{"id":3108,"date":"2025-09-03T06:53:03","date_gmt":"2025-09-03T06:53:03","guid":{"rendered":"https:\/\/inmemoriam.iwn.co\/nayttelyt\/"},"modified":"2025-12-01T06:53:50","modified_gmt":"2025-12-01T06:53:50","slug":"utstallningar","status":"publish","type":"page","link":"https:\/\/poliisisurmat.poliisimuseo.fi\/sv\/utstallningar\/","title":{"rendered":"Utst\u00e4llningar"},"content":{"rendered":"    <div class=\"section1-block\">\n        \t\t<a href='\/sv\/utstallningar\/till-dig-som-tar-del-av-webbutstallningen\/'>\n            <div class=\"link-box\" style=\"background-image:url(' https:\/\/poliisisurmat.poliisimuseo.fi\/wp-content\/uploads\/2025\/10\/3245-scaled.jpg ')\">\n                <h3>Till dig som tar del av webbutst\u00e4llningen<\/h3>\n                <p><\/p>\n            <\/div>\n\t\t<\/a>\n        \t\t<a href='\/sv\/utstallningar\/beredd-att-mota-farorna\/'>\n            <div class=\"link-box\" style=\"background-image:url(' https:\/\/poliisisurmat.poliisimuseo.fi\/wp-content\/uploads\/2025\/10\/3506-scaled.jpg ')\">\n                <h3>Beredd att m\u00f6ta farorna<\/h3>\n                <p><\/p>\n            <\/div>\n\t\t<\/a>\n        \t\t<a href='\/sv\/utstallningar\/nar-en-inte-langre-atervander\/'>\n            <div class=\"link-box\" style=\"background-image:url(' https:\/\/poliisisurmat.poliisimuseo.fi\/wp-content\/uploads\/2025\/10\/museovirasto.A1017D9F35F3D62C9F39F5F4D3BEE621-0-master-e1762945234971.jpg ')\">\n                <h3>N\u00e4r en inte l\u00e4ngre \u00e5terv\u00e4nder<\/h3>\n                <p><\/p>\n            <\/div>\n\t\t<\/a>\n        \t\t<a href='\/sv\/utstallningar\/fran-hard-polistaktik-till-ordets-makt\/'>\n            <div class=\"link-box\" style=\"background-image:url(' https:\/\/poliisisurmat.poliisimuseo.fi\/wp-content\/uploads\/2025\/11\/3740-Paula-Tavasti.webp ')\">\n                <h3>Fr\u00e5n h\u00e5rd polistaktik till ordets makt<\/h3>\n                <p><\/p>\n            <\/div>\n\t\t<\/a>\n        \t\t<a href='\/sv\/utstallningar\/polisen-ar-en-vanlig-manniska-med-ovanliga-arbetsuppgifter\/'>\n            <div class=\"link-box\" style=\"background-image:url(' https:\/\/poliisisurmat.poliisimuseo.fi\/wp-content\/uploads\/2025\/10\/IMG_9396f-ig-Hatonen-scaled.jpg ')\">\n                <h3>Polisen \u00e4r en vanlig m\u00e4nniska med ovanliga arbetsuppgifter<\/h3>\n                <p><\/p>\n            <\/div>\n\t\t<\/a>\n        \t\t<a href='\/sv\/?s=&amp;orderby_field=sukunimi_asc'>\n            <div class=\"link-box\" style=\"background-image:url(' https:\/\/poliisisurmat.poliisimuseo.fi\/wp-content\/uploads\/2025\/11\/Kynttila-Nevalainen-Tommi.png ')\">\n                <h3>Fall d\u00e4r poliser blivit d\u00f6dade i tj\u00e4nst<\/h3>\n                <p><\/p>\n            <\/div>\n\t\t<\/a>\n            <\/div>\n","protected":false},"excerpt":{"rendered":"","protected":false},"author":1,"featured_media":0,"parent":0,"menu_order":0,"comment_status":"closed","ping_status":"closed","template":"","meta":{"_acf_changed":false,"footnotes":""},"class_list":["post-3108","page","type-page","status-publish"],"acf":[],"_links":{"self":[{"href":"https:\/\/poliisisurmat.poliisimuseo.fi\/sv\/wp-json\/wp\/v2\/pages\/3108","targetHints":{"allow":["GET"]}}],"collection":[{"href":"https:\/\/poliisisurmat.poliisimuseo.fi\/sv\/wp-json\/wp\/v2\/pages"}],"about":[{"href":"https:\/\/poliisisurmat.poliisimuseo.fi\/sv\/wp-json\/wp\/v2\/types\/page"}],"author":[{"embeddable":true,"href":"https:\/\/poliisisurmat.poliisimuseo.fi\/sv\/wp-json\/wp\/v2\/users\/1"}],"replies":[{"embeddable":true,"href":"https:\/\/poliisisurmat.poliisimuseo.fi\/sv\/wp-json\/wp\/v2\/comments?post=3108"}],"version-history":[{"count":11,"href":"https:\/\/poliisisurmat.poliisimuseo.fi\/sv\/wp-json\/wp\/v2\/pages\/3108\/revisions"}],"predecessor-version":[{"id":4375,"href":"https:\/\/poliisisurmat.poliisimuseo.fi\/sv\/wp-json\/wp\/v2\/pages\/3108\/revisions\/4375"}],"wp:attachment":[{"href":"https:\/\/poliisisurmat.poliisimuseo.fi\/sv\/wp-json\/wp\/v2\/media?parent=3108"}],"curies":[{"name":"wp","href":"https:\/\/api.w.org\/{rel}","templated":true}]}}