{"id":3097,"date":"2025-10-09T05:36:11","date_gmt":"2025-10-09T05:36:11","guid":{"rendered":"https:\/\/inmemoriam.iwn.co\/poliisi-on-tavallinen-ihminen\/"},"modified":"2025-11-06T11:44:43","modified_gmt":"2025-11-06T11:44:43","slug":"polisen-ar-en-vanlig-manniska-med-ovanliga-arbetsuppgifter","status":"publish","type":"page","link":"https:\/\/poliisisurmat.poliisimuseo.fi\/sv\/utstallningar\/polisen-ar-en-vanlig-manniska-med-ovanliga-arbetsuppgifter\/","title":{"rendered":"Polisen \u00e4r en vanlig m\u00e4nniska med ovanliga arbetsuppgifter"},"content":{"rendered":"\t<div style=\"color:#fff;\" class=\"ingressi\">\n\t\t<p>Polisens arbetsuppgifter g\u00e4ller f\u00f6rst och fr\u00e4mst utmanande, brottsligt eller annat o\u00f6nskat beteende hos m\u00e4nniskor. M\u00e4nniskor skadar varandra, skadar andras egendom, bryter mot regler, d\u00f6dar, stj\u00e4l och ljuger.\u00a0 Uppfattningen om v\u00e4rlden och att se saker enbart ur ett ont perspektiv kan g\u00f6ra en m\u00e4nniska cynisk. Misstankar och misstro har betraktats som en typ av yrkessjukdom hos poliser.<\/p>\n<p>Polisen m\u00f6ter \u00f6verraskande faror p\u00e5 f\u00e4ltet.\u00a0 N\u00e4r man \u00e4r tvungen att vara beredd p\u00e5 det v\u00e4rsta blir man \u00f6versp\u00e4nd. Till exempel att bli utsatt f\u00f6r v\u00e5ld, olyckor med d\u00f6dlig utg\u00e5ng, v\u00e4pnade hotfulla situationer, brott mot barn, en arbetskamrats d\u00f6d eller att bli skadad kan vara traumatiserande. Till polisens uppgifter h\u00f6r dessutom att l\u00e4mna d\u00f6dsbud till anh\u00f6riga.<\/p>\n<p>\u00c4ven poliser som g\u00f6r utredningar upplever traumatiska situationer. Poliserna r\u00e5kar vanligen inte ov\u00e4ntat ut f\u00f6r dessa situationer, men situationerna kan \u00e4nd\u00e5 r\u00f6ra vid dem djupt. Till exempel poliser som unders\u00f6ker brott mot barn uts\u00e4tts dagligen och under en l\u00e5ng period f\u00f6r belastande omst\u00e4ndigheter, vilket skapar stress som kumuleras.<\/p>\n<p>En anst\u00e4lld inom polisf\u00f6rvaltningen som varit med om en kritisk eller v\u00e5ldsam situation kan f\u00e5 st\u00f6d av psykologisk defusing vid polisenheten, f\u00f6retagsh\u00e4lsov\u00e5rden, f\u00f6rsamlingen och posttraumaworkshopar.<\/p>\n\t<\/div>\n<div class=\"section2-block\">\n<div class=\"nayttelyiden-sivut\"><\/div>\t<div class=\"nayttely-kuva\">\n\t\t<img decoding=\"async\" src=\"https:\/\/poliisisurmat.poliisimuseo.fi\/wp-content\/uploads\/2025\/10\/IMG_9396f-ig-Hatonen-scaled.jpg\"\/>\n\t\t<p class=\"image-caption\">Polisens yrkesroll och uniform skyddar inte alltid mot traumatisering. Huruvida man traumatiseras eller inte beror inte p\u00e5 svaghet eller p\u00e5 ens egna val. \u00a9Sami H\u00e4t\u00f6nen.<\/p>\n\t<\/div>\n\t\n<\/div>","protected":false},"excerpt":{"rendered":"","protected":false},"author":1,"featured_media":0,"parent":3108,"menu_order":0,"comment_status":"closed","ping_status":"closed","template":"","meta":{"_acf_changed":false,"footnotes":""},"class_list":["post-3097","page","type-page","status-publish"],"acf":[],"_links":{"self":[{"href":"https:\/\/poliisisurmat.poliisimuseo.fi\/sv\/wp-json\/wp\/v2\/pages\/3097","targetHints":{"allow":["GET"]}}],"collection":[{"href":"https:\/\/poliisisurmat.poliisimuseo.fi\/sv\/wp-json\/wp\/v2\/pages"}],"about":[{"href":"https:\/\/poliisisurmat.poliisimuseo.fi\/sv\/wp-json\/wp\/v2\/types\/page"}],"author":[{"embeddable":true,"href":"https:\/\/poliisisurmat.poliisimuseo.fi\/sv\/wp-json\/wp\/v2\/users\/1"}],"replies":[{"embeddable":true,"href":"https:\/\/poliisisurmat.poliisimuseo.fi\/sv\/wp-json\/wp\/v2\/comments?post=3097"}],"version-history":[{"count":2,"href":"https:\/\/poliisisurmat.poliisimuseo.fi\/sv\/wp-json\/wp\/v2\/pages\/3097\/revisions"}],"predecessor-version":[{"id":3350,"href":"https:\/\/poliisisurmat.poliisimuseo.fi\/sv\/wp-json\/wp\/v2\/pages\/3097\/revisions\/3350"}],"up":[{"embeddable":true,"href":"https:\/\/poliisisurmat.poliisimuseo.fi\/sv\/wp-json\/wp\/v2\/pages\/3108"}],"wp:attachment":[{"href":"https:\/\/poliisisurmat.poliisimuseo.fi\/sv\/wp-json\/wp\/v2\/media?parent=3097"}],"curies":[{"name":"wp","href":"https:\/\/api.w.org\/{rel}","templated":true}]}}