{"id":3095,"date":"2025-09-04T06:07:40","date_gmt":"2025-09-04T06:07:40","guid":{"rendered":"https:\/\/inmemoriam.iwn.co\/kovasta-poliisitaktiikasta-puheen-voimaan\/"},"modified":"2025-11-06T11:42:28","modified_gmt":"2025-11-06T11:42:28","slug":"fran-hard-polistaktik-till-ordets-makt","status":"publish","type":"page","link":"https:\/\/poliisisurmat.poliisimuseo.fi\/sv\/utstallningar\/fran-hard-polistaktik-till-ordets-makt\/","title":{"rendered":"Fr\u00e5n h\u00e5rd polistaktik till ordets makt"},"content":{"rendered":"\t<div style=\"color:#fff;\" class=\"ingressi\">\n\t\t<p>Polisens befogenheter och anv\u00e4ndning av maktmedel grundar sig i ett demokratiskt samh\u00e4lle p\u00e5 lagen. I annat fall \u00e4r f\u00f6ljden en ond cirkel med v\u00e5ld och kaos. I dagens l\u00e4ge \u00e4r polisen skyldig att handla professionellt och anv\u00e4nda maktmedel p\u00e5 ett kontrollerat s\u00e4tt. Medborgarnas grundl\u00e4ggande r\u00e4ttigheter, lagarna och polisens principer betonar alltid anv\u00e4ndningen av de lindrigaste metoderna \u00e4ven i kr\u00e4vande situationer.<\/p>\n<p>I b\u00f6rjan av sj\u00e4lvst\u00e4ndigheten var syftet med polisens utrustning att skr\u00e4mma medborgarna. Numera r\u00e4knas polisens maktmedelsredskap som polisens arbetsredskap och deras syfte \u00e4r inte att skapa r\u00e4dsla hos medborgarna, utan deras syfte \u00e4r att garantera att polisen kan handla s\u00e4kert under uppdrag. Dessutom v\u00e4cker maktmedelsredskapen medborgarnas f\u00f6rtroende f\u00f6r polisens insatsberedskap och yrkesskicklighet.<\/p>\n<p>Den finska polisens effektivaste arbetsredskap har redan i \u00e5rtionden varit munnen, det vill s\u00e4ga ord och tal. Den viktigaste instruktionen \u00e4r \u201dgenom r\u00e5d, uppmaningar och befallningar\u201d.<\/p>\n\t<\/div>\n<div class=\"section2-block\">\n<div class=\"nayttelyiden-sivut\"><\/div>\t<div class=\"nayttely-kuva\">\n\t\t<img decoding=\"async\" src=\"https:\/\/poliisisurmat.poliisimuseo.fi\/wp-content\/uploads\/2025\/10\/3848-2-scaled.jpg\"\/>\n\t\t<p class=\"image-caption\">Polisen anv\u00e4nder sig av taktiska f\u00f6rhandlare bland annat d\u00e5 n\u00e5gon hotar med v\u00e5ld eller sj\u00e4lvmord. M\u00e5ls\u00e4ttningen \u00e4r att l\u00f6sa situationer genom diskussion och att v\u00e4rna om liv och h\u00e4lsa. \u00a9Paula Tavasti\/Polisen.<\/p>\n\t<\/div>\n\t\n<\/div>","protected":false},"excerpt":{"rendered":"","protected":false},"author":1,"featured_media":0,"parent":3108,"menu_order":0,"comment_status":"closed","ping_status":"closed","template":"","meta":{"_acf_changed":false,"footnotes":""},"class_list":["post-3095","page","type-page","status-publish"],"acf":[],"_links":{"self":[{"href":"https:\/\/poliisisurmat.poliisimuseo.fi\/sv\/wp-json\/wp\/v2\/pages\/3095","targetHints":{"allow":["GET"]}}],"collection":[{"href":"https:\/\/poliisisurmat.poliisimuseo.fi\/sv\/wp-json\/wp\/v2\/pages"}],"about":[{"href":"https:\/\/poliisisurmat.poliisimuseo.fi\/sv\/wp-json\/wp\/v2\/types\/page"}],"author":[{"embeddable":true,"href":"https:\/\/poliisisurmat.poliisimuseo.fi\/sv\/wp-json\/wp\/v2\/users\/1"}],"replies":[{"embeddable":true,"href":"https:\/\/poliisisurmat.poliisimuseo.fi\/sv\/wp-json\/wp\/v2\/comments?post=3095"}],"version-history":[{"count":2,"href":"https:\/\/poliisisurmat.poliisimuseo.fi\/sv\/wp-json\/wp\/v2\/pages\/3095\/revisions"}],"predecessor-version":[{"id":3341,"href":"https:\/\/poliisisurmat.poliisimuseo.fi\/sv\/wp-json\/wp\/v2\/pages\/3095\/revisions\/3341"}],"up":[{"embeddable":true,"href":"https:\/\/poliisisurmat.poliisimuseo.fi\/sv\/wp-json\/wp\/v2\/pages\/3108"}],"wp:attachment":[{"href":"https:\/\/poliisisurmat.poliisimuseo.fi\/sv\/wp-json\/wp\/v2\/media?parent=3095"}],"curies":[{"name":"wp","href":"https:\/\/api.w.org\/{rel}","templated":true}]}}