{"id":3093,"date":"2025-09-03T06:53:48","date_gmt":"2025-09-03T06:53:48","guid":{"rendered":"https:\/\/inmemoriam.iwn.co\/kun-yksi-ei-enaan-palaa\/"},"modified":"2025-11-06T11:35:21","modified_gmt":"2025-11-06T11:35:21","slug":"nar-en-inte-langre-atervander","status":"publish","type":"page","link":"https:\/\/poliisisurmat.poliisimuseo.fi\/sv\/utstallningar\/nar-en-inte-langre-atervander\/","title":{"rendered":"N\u00e4r en inte l\u00e4ngre \u00e5terv\u00e4nder"},"content":{"rendered":"\t<div style=\"color:#fff;\" class=\"ingressi\">\n\t\t<p><em>Sankareiden t\u00f6it\u00e4. L\u00e4hte\u00e4 ja tulla takaisin<\/em>. (Hj\u00e4lted\u00e5d. Att bege sig iv\u00e4g och komma tillbaka) Med dessa ord ur s\u00e5ngen som framf\u00f6rs av Juha Tapio har en polispatrull laddat sig med r\u00e4tt attityd och sj\u00e4lvs\u00e4kerhet f\u00f6r ett uppdrag som redan utifr\u00e5n uppgifterna i anm\u00e4lan verkar kr\u00e4vande och farligt.\u00a0 Ett annat ikoniskt citat som finl\u00e4ndarna k\u00e4nner till kommer fr\u00e5n 1980-talets polisserie Hill Street Blues: <em>Let\u2019s be careful out there<\/em>.\u00a0 Med dessa ord skickade \u00f6verkonstapel Phil Esterhaus iv\u00e4g patrullerna f\u00f6r att p\u00e5b\u00f6rja arbetsskiftet. P\u00e5 detta s\u00e4tt ville han f\u00f6r egen del s\u00e4kerst\u00e4lla att varje polis identifierade och beaktade farorna och riskerna i sitt arbete s\u00e5 att de kunde \u00e5terv\u00e4nda hem med h\u00e4lsan i beh\u00e5ll efter arbetsdagen.<\/p>\n<p>S\u00e5 g\u00e5r det inte alltid, utan ibland har karri\u00e4ren avslutats n\u00e4r polisen skadats allvarligt eller d\u00f6tt.\u00a0 Poliserna blev utsatt f\u00f6r flest faror p\u00e5 1920- och 1940-talen. \u00c5ren 1958 och 1969 var s\u00e4rskilt farliga. \u00c5r 1958 d\u00f6dades sammanlagt fyra poliser under hemutryckning eller i samband med r\u00e5n. D\u00f6dsfallen i Pihtipudas \u00e4r mer tragiska \u00e4n n\u00e5got annat fall: ett lika stort antal poliser har aldrig d\u00f6tt p\u00e5 en g\u00e5ng i tj\u00e4nsteuppdrag. Med nutida termer skulle man tala om massd\u00f6d.<\/p>\n<p>P\u00e5 2000-talet har tv\u00e5 poliser d\u00f6tt en v\u00e5ldsam d\u00f6d. Arbetss\u00e4kerheten har f\u00f6rb\u00e4ttrats genom utbildning, regelbundna \u00f6vningar och b\u00e4ttre redskap och utrustning, men man har ocks\u00e5 f\u00f6rst\u00e5tt vikten av psykiskt st\u00f6d.<\/p>\n<p>Ett polismord \u00e4r alltid en h\u00e4ndelse som \u00f6verskrider nyhetstr\u00f6skeln. Finl\u00e4ndarna chockades s\u00e4rskilt av polismorden p\u00e5 Fabriksgatan i Helsingfors 1997. Journalisterna fick de f\u00f6rsta uppgifterna om h\u00e4ndelsen via tips. P\u00e5 den tiden hade alla inte mobiltelefoner och det gick inte att g\u00f6ra direkts\u00e4ndningar fr\u00e5n platsen, men via nyhetss\u00e4ndningarna p\u00e5 tv och i radio och tryckta tidningar f\u00f6ljdes g\u00e4rningsmannens \u00f6de oavbrutet.<\/p>\n<p>Nyhetsrapporteringen har \u00e4ndrat i fr\u00e5ga om s\u00e4tten och takten. P\u00e5 2010-talet b\u00f6rjade nyheter rapporteras allt mer p\u00e5 n\u00e4tet. Journalisten kunde enkelt skicka in videor och bilder med smarttelefon till redaktionen och p\u00e5 samma s\u00e4tt kunde medborgarna skicka in tips till redaktionerna. Nyhetsrapporteringen blev ocks\u00e5 snabb. H\u00e4ndelserna i samband med bel\u00e4gringen i Vichtis 2016 har rapporterats mycket noggrant i olika medier.<\/p>\n\t<\/div>\n<div class=\"section2-block\">\n<div class=\"nayttelyiden-sivut\"><\/div>\t<div class=\"nayttely-kuva\">\n\t\t<img decoding=\"async\" src=\"https:\/\/poliisisurmat.poliisimuseo.fi\/wp-content\/uploads\/2025\/10\/museovirasto.A1017D9F35F3D62C9F39F5F4D3BEE621-0-master-e1762945234971.jpg\"\/>\n\t\t<p class=\"image-caption\">Polismorden p\u00e5 Fabriksgatan i Helsingfors 1997 v\u00e4ckte best\u00f6rtning b\u00e5de inom polisen och i samh\u00e4llet i stort.\nStora m\u00e4ngder ljus och blommor l\u00e4mnades p\u00e5 h\u00e4ndelseplatsen. \u00a9Museiverket, Sakari Kiuru.\n<\/p>\n\t<\/div>\n\t\n<\/div>","protected":false},"excerpt":{"rendered":"","protected":false},"author":1,"featured_media":0,"parent":3108,"menu_order":0,"comment_status":"closed","ping_status":"closed","template":"","meta":{"_acf_changed":false,"footnotes":""},"class_list":["post-3093","page","type-page","status-publish"],"acf":[],"_links":{"self":[{"href":"https:\/\/poliisisurmat.poliisimuseo.fi\/sv\/wp-json\/wp\/v2\/pages\/3093","targetHints":{"allow":["GET"]}}],"collection":[{"href":"https:\/\/poliisisurmat.poliisimuseo.fi\/sv\/wp-json\/wp\/v2\/pages"}],"about":[{"href":"https:\/\/poliisisurmat.poliisimuseo.fi\/sv\/wp-json\/wp\/v2\/types\/page"}],"author":[{"embeddable":true,"href":"https:\/\/poliisisurmat.poliisimuseo.fi\/sv\/wp-json\/wp\/v2\/users\/1"}],"replies":[{"embeddable":true,"href":"https:\/\/poliisisurmat.poliisimuseo.fi\/sv\/wp-json\/wp\/v2\/comments?post=3093"}],"version-history":[{"count":2,"href":"https:\/\/poliisisurmat.poliisimuseo.fi\/sv\/wp-json\/wp\/v2\/pages\/3093\/revisions"}],"predecessor-version":[{"id":3321,"href":"https:\/\/poliisisurmat.poliisimuseo.fi\/sv\/wp-json\/wp\/v2\/pages\/3093\/revisions\/3321"}],"up":[{"embeddable":true,"href":"https:\/\/poliisisurmat.poliisimuseo.fi\/sv\/wp-json\/wp\/v2\/pages\/3108"}],"wp:attachment":[{"href":"https:\/\/poliisisurmat.poliisimuseo.fi\/sv\/wp-json\/wp\/v2\/media?parent=3093"}],"curies":[{"name":"wp","href":"https:\/\/api.w.org\/{rel}","templated":true}]}}