{"id":3086,"date":"2025-09-04T06:06:39","date_gmt":"2025-09-04T06:06:39","guid":{"rendered":"https:\/\/inmemoriam.iwn.co\/verkkonayttelyyn-tutustuvalle\/"},"modified":"2025-11-25T13:02:38","modified_gmt":"2025-11-25T13:02:38","slug":"till-dig-som-tar-del-av-webbutstallningen","status":"publish","type":"page","link":"https:\/\/poliisisurmat.poliisimuseo.fi\/sv\/utstallningar\/till-dig-som-tar-del-av-webbutstallningen\/","title":{"rendered":"Till dig som tar del av webbutst\u00e4llningen"},"content":{"rendered":"<div class=\"section2-block\">\n<div class=\"nayttelyiden-sivut\"><\/div>\t<div class=\"nayttely-kuva\">\n\t\t<img decoding=\"async\" src=\"https:\/\/poliisisurmat.poliisimuseo.fi\/wp-content\/uploads\/2025\/10\/3245-scaled.jpg\"\/>\n\t\t<p class=\"image-caption\">Temat f\u00f6r utst\u00e4llningen In Memoriam \u00e4r sorgligt och allvarligt \u2013 fall d\u00e4r poliser blivit d\u00f6dade. Utst\u00e4llningen utg\u00f6r samtidigt en historisk tillbakablick p\u00e5 det v\u00e5ld som poliser utsatts f\u00f6r genom tiderna. \u00a9Juuso Jonninen<\/p>\n\t<\/div>\n\t\n<\/div>","protected":false},"excerpt":{"rendered":"","protected":false},"author":1,"featured_media":0,"parent":3108,"menu_order":0,"comment_status":"closed","ping_status":"closed","template":"","meta":{"_acf_changed":false,"footnotes":""},"class_list":["post-3086","page","type-page","status-publish"],"acf":[],"_links":{"self":[{"href":"https:\/\/poliisisurmat.poliisimuseo.fi\/sv\/wp-json\/wp\/v2\/pages\/3086","targetHints":{"allow":["GET"]}}],"collection":[{"href":"https:\/\/poliisisurmat.poliisimuseo.fi\/sv\/wp-json\/wp\/v2\/pages"}],"about":[{"href":"https:\/\/poliisisurmat.poliisimuseo.fi\/sv\/wp-json\/wp\/v2\/types\/page"}],"author":[{"embeddable":true,"href":"https:\/\/poliisisurmat.poliisimuseo.fi\/sv\/wp-json\/wp\/v2\/users\/1"}],"replies":[{"embeddable":true,"href":"https:\/\/poliisisurmat.poliisimuseo.fi\/sv\/wp-json\/wp\/v2\/comments?post=3086"}],"version-history":[{"count":3,"href":"https:\/\/poliisisurmat.poliisimuseo.fi\/sv\/wp-json\/wp\/v2\/pages\/3086\/revisions"}],"predecessor-version":[{"id":3882,"href":"https:\/\/poliisisurmat.poliisimuseo.fi\/sv\/wp-json\/wp\/v2\/pages\/3086\/revisions\/3882"}],"up":[{"embeddable":true,"href":"https:\/\/poliisisurmat.poliisimuseo.fi\/sv\/wp-json\/wp\/v2\/pages\/3108"}],"wp:attachment":[{"href":"https:\/\/poliisisurmat.poliisimuseo.fi\/sv\/wp-json\/wp\/v2\/media?parent=3086"}],"curies":[{"name":"wp","href":"https:\/\/api.w.org\/{rel}","templated":true}]}}