{"id":4031,"date":"2025-11-26T12:59:41","date_gmt":"2025-11-26T12:59:41","guid":{"rendered":"https:\/\/inmemoriam.iwn.co\/saavutettavuusseloste\/"},"modified":"2025-11-28T08:31:23","modified_gmt":"2025-11-28T08:31:23","slug":"saavutettavuusseloste","status":"publish","type":"page","link":"https:\/\/poliisisurmat.poliisimuseo.fi\/en\/saavutettavuusseloste\/","title":{"rendered":"Saavutettavuusseloste"},"content":{"rendered":"\n<div class=\"wp-block-columns is-layout-flex wp-container-core-columns-is-layout-9d6595d7 wp-block-columns-is-layout-flex\">\n<div class=\"wp-block-column lahteet has-white-background-color has-background is-layout-flow wp-block-column-is-layout-flow\">\n<h1 class=\"wp-block-heading\">Saavutettavuusseloste<\/h1>\n\n\n\n<h3 class=\"wp-block-heading\">poliisisurmat.poliisimuseo.fi-verkkopalvelun saavutettavuusseloste<\/h3>\n\n\n\n<p>T\u00e4m\u00e4 saavutettavuusseloste koskee palvelua poliisisurmat.poliisimuseo.fi ja on laadittu 27.11.2025. Palvelua koskee laki digitaalisten palvelujen tarjoamisesta, jossa edellytet\u00e4\u00e4n, ett\u00e4 julkisten verkkopalvelujen on oltava saavutettavia.<\/p>\n\n\n\n<p>Olemme arvioineet palvelun saavutettavuuden itse.<\/p>\n\n\n\n<h3 class=\"wp-block-heading\">Digipalvelun saavutettavuuden tila<\/h3>\n\n\n\n<p>T\u00e4ytt\u00e4\u00e4 saavutettavuusvaatimukset tasolla A t\u00e4ysin ja tasolla AA osittain.<\/p>\n\n\n\n<h3 class=\"wp-block-heading\">Huomasitko saavutettavuuspuutteen palvelussamme?<\/h3>\n\n\n\n<p>Kerro meille ja teemme parhaamme asian korjaamiseksi<\/p>\n\n\n\n<p>Anna saavutettavuuspalaute <a href=\"https:\/\/rikosjarakkaus.poliisimuseo.fi\/palaute\/\" target=\"_blank\" rel=\"noreferrer noopener\">palautelomakkeella<\/a>. Linkki avautuu uuteen v\u00e4lilehteen.<\/p>\n\n\n\n<h3 class=\"wp-block-heading\">Valvontaviranomainen<\/h3>\n\n\n\n<p>Jos huomaat sivustolla saavutettavuusongelmia, anna meille, eli sivuston yll\u00e4pit\u00e4j\u00e4lle, palautetta ensin. Vastauksessa voi menn\u00e4 14 p\u00e4iv\u00e4\u00e4. Jos et ole tyytyv\u00e4inen saamaasi vastaukseen tai et saa vastausta kahden viikon aikana, voit tehd\u00e4 ilmoituksen Liikenne- ja viestint\u00e4virasto Traficomiin.<\/p>\n\n\n\n<p>Saavutettavuusvaatimukset.fi-sivustolla kerrotaan tarkasti, miten ilmoituksen voi tehd\u00e4 ja miten asia k\u00e4sitell\u00e4\u00e4n.<\/p>\n\n\n\n<p><a href=\"https:\/\/www.saavutettavuusvaatimukset.fi\/fi\/kayttajan-oikeudet\/palvelun-kayttajan-oikeudet\" rel=\"noreferrer noopener\" target=\"_blank\">Ohjeet ilmoituksen tekemiseen saavutettavuusvaatimukset.fi-sivustolla<\/a><\/p>\n\n\n\n<h3 class=\"wp-block-heading\">Teemme ty\u00f6t\u00e4 saavutettavuuden parantamiseksi<\/h3>\n\n\n\n<p>Olemme sitoutuneet digipalveluiden saavutettavuuden parantamiseen.<\/p>\n\n\n\n<p>Seuraamme teknisesti sivuston eheytt\u00e4 ja saavutettavuusvaatimuksien t\u00e4ytt\u00e4mist\u00e4.<\/p>\n\n\n\n<p>Koulutamme ja ohjeistamme sis\u00e4ll\u00f6n julkaisijat toteuttamaan saavutettavuutta k\u00e4yt\u00e4nn\u00f6ss\u00e4.<\/p>\n\n\n\n<p>Otamme mieluusti sivujemme saavutettavuutta edist\u00e4v\u00e4\u00e4 palautetta vastaan.<\/p>\n\n\n\n<h3 class=\"wp-block-heading\">Lis\u00e4tietoja verkkopalvelun saavutettavuudesta<\/h3>\n\n\n\n<p>Jos haluat saada lis\u00e4tietoja Poliisimuseo.fi-verkkopalvelun saavutettavuudesta tai keskustella siit\u00e4, ota yhteytt\u00e4 Poliisimuseoon s\u00e4hk\u00f6postitse <a href=\"mailto:poliisimuseo@poliisi.fi\">poliisimuseo@poliisi.fi.<\/a><\/p>\n<\/div>\n<\/div>\n","protected":false},"excerpt":{"rendered":"<p>Saavutettavuusseloste poliisisurmat.poliisimuseo.fi-verkkopalvelun saavutettavuusseloste T\u00e4m\u00e4 saavutettavuusseloste koskee palvelua poliisisurmat.poliisimuseo.fi ja on laadittu 27.11.2025. Palvelua koskee laki digitaalisten palvelujen tarjoamisesta, jossa edellytet\u00e4\u00e4n, ett\u00e4 julkisten verkkopalvelujen on oltava saavutettavia. Olemme arvioineet palvelun saavutettavuuden itse. Digipalvelun saavutettavuuden tila T\u00e4ytt\u00e4\u00e4 saavutettavuusvaatimukset tasolla A t\u00e4ysin ja tasolla AA osittain. Huomasitko saavutettavuuspuutteen palvelussamme? Kerro meille ja teemme parhaamme asian korjaamiseksi Anna saavutettavuuspalaute &#8230; <a title=\"Saavutettavuusseloste\" class=\"read-more\" href=\"https:\/\/poliisisurmat.poliisimuseo.fi\/en\/saavutettavuusseloste\/\" aria-label=\"Read more about Saavutettavuusseloste\">Read more<\/a><\/p>\n","protected":false},"author":1,"featured_media":0,"parent":0,"menu_order":0,"comment_status":"closed","ping_status":"closed","template":"","meta":{"_acf_changed":false,"footnotes":""},"class_list":["post-4031","page","type-page","status-publish"],"acf":[],"_links":{"self":[{"href":"https:\/\/poliisisurmat.poliisimuseo.fi\/en\/wp-json\/wp\/v2\/pages\/4031","targetHints":{"allow":["GET"]}}],"collection":[{"href":"https:\/\/poliisisurmat.poliisimuseo.fi\/en\/wp-json\/wp\/v2\/pages"}],"about":[{"href":"https:\/\/poliisisurmat.poliisimuseo.fi\/en\/wp-json\/wp\/v2\/types\/page"}],"author":[{"embeddable":true,"href":"https:\/\/poliisisurmat.poliisimuseo.fi\/en\/wp-json\/wp\/v2\/users\/1"}],"replies":[{"embeddable":true,"href":"https:\/\/poliisisurmat.poliisimuseo.fi\/en\/wp-json\/wp\/v2\/comments?post=4031"}],"version-history":[{"count":2,"href":"https:\/\/poliisisurmat.poliisimuseo.fi\/en\/wp-json\/wp\/v2\/pages\/4031\/revisions"}],"predecessor-version":[{"id":4247,"href":"https:\/\/poliisisurmat.poliisimuseo.fi\/en\/wp-json\/wp\/v2\/pages\/4031\/revisions\/4247"}],"wp:attachment":[{"href":"https:\/\/poliisisurmat.poliisimuseo.fi\/en\/wp-json\/wp\/v2\/media?parent=4031"}],"curies":[{"name":"wp","href":"https:\/\/api.w.org\/{rel}","templated":true}]}}