{"id":3133,"date":"2025-10-09T05:39:01","date_gmt":"2025-10-09T05:39:01","guid":{"rendered":"https:\/\/inmemoriam.iwn.co\/exhibitions\/poliisi-on-tavallinen-ihminen\/tyoyhteiso-surun-keskella\/"},"modified":"2025-12-18T08:18:27","modified_gmt":"2025-12-18T08:18:27","slug":"a-work-community-in-mourning","status":"publish","type":"page","link":"https:\/\/poliisisurmat.poliisimuseo.fi\/en\/exhibitions\/a-police-officer-is-an-ordinary-person-with-an-extraordinary-job\/a-work-community-in-mourning\/","title":{"rendered":"A work community in mourning"},"content":{"rendered":"\n<div class=\"section3-block\">\n\t<div class=\"acf-gallery-carousel\">\n\n\t\t<!-- Main Image Swiper -->\n\t\t<div class=\"swiper main-swiper\">\n\t\t\t<div class=\"swiper-wrapper\">\n\t\t\t\t\t\t\t\t\t\t\t\t\t\n\t\t\t\t\n\t\t\t\t\t<div class=\"swiper-slide\">\n\t\t\t\t\t\t<img decoding=\"async\" src=\"https:\/\/poliisisurmat.poliisimuseo.fi\/wp-content\/uploads\/2025\/10\/8Vr1_31-scaled.jpg\" alt=\"Black-and-white photograph with several flags flying at half-mast in front of a building in winter. Several cars stand parked in front of the building. There is forest in the background.\" \/>\n\t\t\t\t\t\t<p class=\"image-caption\">Flags flying at half-mast outside of the Police Academy to honour the police officers killed at Pihtipudas in 1969.<\/p>\n\t\t\t\t\t<\/div>\n\t\t\t\t\t\t\t\t\t\t\t\t\t\n\t\t\t\t\n\t\t\t\t\t<div class=\"swiper-slide\">\n\t\t\t\t\t\t<img decoding=\"async\" src=\"https:\/\/poliisisurmat.poliisimuseo.fi\/wp-content\/uploads\/2025\/10\/4Vr5_2911-scaled.jpg\" alt=\"Black-and-white photograph of a funeral procession with a car in the front surrounded by uniformed police. A long procession of uniformed officers are walking behind the car, some carrying musical instruments. It is winter. The background features large neoclassical buildings with snow on their roofs.\" \/>\n\t\t\t\t\t\t<p class=\"image-caption\">Senior Constable Reino Harjunp\u00e4\u00e4 was killed in the line of duty in Helsinki on 17.2.1966. His funeral was held at Jalasj\u00e4rvi on 27.2.1966. In this photograph, his coffin is driven through Helsinki towards the railway station, from which it will be transported to Jalasj\u00e4rvi.<\/p>\n\t\t\t\t\t<\/div>\n\t\t\t\t\t\t\t<\/div>\n\n\t\t\t<!-- Arrows -->\n\t\t\t<div class=\"swiper-button-prev\"><\/div>\n\t\t\t<div class=\"swiper-button-next\"><\/div>\n\t\t<\/div>\n\n\t\t<!-- Thumbnails Swiper -->\n\t\t<div class=\"swiper thumb-swiper\">\n\t\t\t<div class=\"swiper-wrapper\">\n\t\t\t\t\t\t\t\t\t<div class=\"swiper-slide\">\n\t\t\t\t\t\t<img decoding=\"async\" src=\"https:\/\/poliisisurmat.poliisimuseo.fi\/wp-content\/uploads\/2025\/10\/8Vr1_31-150x150.jpg\" alt=\"Black-and-white photograph with several flags flying at half-mast in front of a building in winter. Several cars stand parked in front of the building. There is forest in the background.\" \/>\n\t\t\t\t\t<\/div>\n\t\t\t\t\t\t\t\t\t<div class=\"swiper-slide\">\n\t\t\t\t\t\t<img decoding=\"async\" src=\"https:\/\/poliisisurmat.poliisimuseo.fi\/wp-content\/uploads\/2025\/10\/4Vr5_2911-150x150.jpg\" alt=\"Black-and-white photograph of a funeral procession with a car in the front surrounded by uniformed police. A long procession of uniformed officers are walking behind the car, some carrying musical instruments. It is winter. The background features large neoclassical buildings with snow on their roofs.\" \/>\n\t\t\t\t\t<\/div>\n\t\t\t\t\t\t\t<\/div>\n\t\t<\/div>\n\n\t<\/div>\n\n\t<div class=\"taso3-text\">\n\t\t\n\t\t<p>\n\t\t\t<p><em>No mission should end with an empty space in our ranks. Today, many people are thinking of a colleague who died in the line of duty five years ago.\u00a0 <strong>Western Uusimaa Police Department, Facebook post 17 June 2021<\/strong><\/em><\/p>\n<p>The death of a colleague in the line of duty is always a huge shock to the work community.\u00a0 It happens suddenly and unexpectedly. Often, the patrol partner or members of the team were also at the scene and are especially hard hit by it. Today, the police have an aftercare system to deal with traumatic situations in the first instance, followed by trauma workshops and occupational health services.\u00a0 In addition, the Helsinki Police Department has a police priest whom officers can talk to if they want.<\/p>\n<p>Talking and reminiscing with close colleagues is an important part of the grieving process.\u00a0 Many police officers have stressed the importance of this. Today, protecting the privacy of police officers&#8217; loved ones and the work community has become even more important, as a police murder usually makes the headlines.\u00a0 The spread of rumours in social media and on various discussion forums is a burden for both the work community and the relatives. They can even hamper an investigation.<\/p>\n<p>The police have traditionally mourned and expressed collective sorrow for the death of their personnel. When an officer is lost, especially as a result of external violence, it affects everyone throughout the organisation, manifesting the dangers of being in the police.\u00a0 Obituaries were published in Suomen Poliisilehti and Poliisimies magazines. Today, the obituaries on the Facebook pages of police units also reach out to citizens, allowing them to commiserate and participate in mourning. It is customary to bring candles, small souvenirs, and messages of condolence to the scene of the incident. Under a Facebook post by the Eastern Uusimaa Police Department on 18 June 2016, a user known as \u2018Ylikonstu\u2019 from Porvoo wrote:<\/p>\n<p><em>As the author, I would like to express my sincere thanks to everyone who read, shared, liked and commented \u2013 on behalf of all police officers!<\/em><\/p>\n<p><em>The support that the Finnish police have received through this helps us to continue our work for the safety of everyone \u2013 thank you!<\/em><\/p>\n<p><em>A blue star.<\/em><\/p>\n<p><em>Did you see a blue star in the sky last night? I missed it myself. If I had seen it, I would have stopped and paid my respects in silence. The blue star shines to mark the death of an officer who was guarding the security of the Fatherland in the line of duty.<\/em><\/p>\n<p><em>I did not see the blue star this time. To be honest, I never want to see it! Fortunately, a blue star is a rare sight in Finland\u2019s skies.<\/em><\/p>\n<p><em>Do they even exist? Whether they do or not \u2013 today you too should look to the sky and see it in your mind\u2019s eye. Be silent for a moment and let your thoughts be with those who have experienced loss.<\/em><\/p>\n<p><em>Condolences to the loved ones, the work community, the whole service, and every one of us \u2013 someone who worked for the safety of us all is gone.<\/em><\/p>\n<p><em>On my next night shift, I will look to the sky&#8230;<\/em><\/p>\n<p>After the Vihti killing in 2016, many police officers added a thin <em>blue line emblem<\/em> to their social media profiles as a mark of condolence and grief.\u00a0 The line symbolises the people who stand up to protect something they value. There is a \u2018thin line\u2019 between chaos and a society. Other authorities also have similar emblems, such as the thin red line of rescuers and the <em>thin green line<\/em> of the defence forces.\u00a0 Social media channels make it possible to remember a colleague even years later, for example on anniversaries.<\/p>\n<p>Immediate expressions of grief in the workplace are varied but traditional. A picture of the deceased police officer is brought to their desk, with a bouquet of flowers or a candle next to it.\u00a0 A moment of silence is observed in memory of the colleague at the same time in every police station.<\/p>\n<p>Some police units have a memorial board to commemorate those who died in the line of duty. In 196x, the students\u2019 union of the Police College launched a wall of memorial plaques for the entire nation, to collect the names of all the police officers who had died in the line of duty since Finland became independent. The plaques were transferred to the Police University College in 2008.\u00a0 There are currently 131 plaques. Every year, a memorial ceremony is held near the plaques, and representatives of police units, the Finnish Police Union, and relatives are invited to attend. The Police University College has a rowan tree dedicated to the memory of Senior Constable Kuisma Pihlaja (\u2018pihlaja\u2019 means \u2018rowan tree\u2019), who died in 1997 during an exercise. The police officers killed in Pihtipudas in 1969 have their own memorial.<\/p>\n<p>The funerals of killed police officers have often been major public events.\u00a0 Senior Constable Reino Harjunp\u00e4\u00e4 was killed in the line of duty on 17 February 1966, and his autopsy took place in Jalasj\u00e4rvi on 27 February 1966. In Helsinki, the funeral cortege travelled from Senate Square to the railway station with citizens in procession, before the coffin was transported to Jalasj\u00e4rvi. The funeral service for Sergeant Eero Holsti and Senior Constable Antero Palo, who were killed on Tehtaankatu, was attended by Prime Minister Paavo Lipponen and Minister of the Interior Ralf-Erik Enestam.<\/p>\n<p>The funeral service is a final opportunity to bid farewell to a patrol partner and a member of the work community. Close colleagues are pallbearers, and there is a police guard of honour outside the church entrance. Senior Constable Antti Murtom\u00e4ki died on 14 February 1993 from injuries he sustained while stopping a fleeing car 5 February 1993. Senior Constable Esa Elenius, who was Murtom\u00e4ki&#8217;s patrol partner for 6 years as a dog handler, recalls the funeral service:<\/p>\n<p><em>Antti&#8217;s funeral in 93 was held in celebratory spirit in the church in Lapua, his birthplace. The top brass were there, Urpo and the rest of them, as well as loads of colleagues. The people of Lapua filled the pews. After the funeral service and the speeches and food at the parish hall, we went to Simpsi\u00f6 cemetery. Down the long path in the cemetery, a few musicians from the Helsinki Police Symphonic Band playing the Narva March, the shift officers and I pushed the coffin trolley. Hard to believe that the coffin on the trolley and the man inside it, the man I\u2019d sat in the same car with for six years, was him. As the kettledrum sounded the Narva March, the feeling swept over me. I could\u2019ve conquered Russia. <strong>Esa Elenius, email 23 September 2025. <\/strong><\/em><\/p>\n<p>In April 2025, the Guardian Angel concerts were held in three locations in honour of police officers who were killed or injured. The concerts were organised in cooperation with the Helsinki, H\u00e4me and Eastern Uusimaa Police Departments, the Finnish Police Union, and the Police Support Association. The Police Support Association will direct the proceeds from the sale of orders of ceremony to police officers who have been injured in the line of duty.<\/p>\n\t\t<\/p>\n\t<\/div>\n\n<\/div>\n\n","protected":false},"excerpt":{"rendered":"","protected":false},"author":1,"featured_media":0,"parent":3096,"menu_order":0,"comment_status":"closed","ping_status":"closed","template":"","meta":{"_acf_changed":false,"footnotes":""},"class_list":["post-3133","page","type-page","status-publish"],"acf":[],"_links":{"self":[{"href":"https:\/\/poliisisurmat.poliisimuseo.fi\/en\/wp-json\/wp\/v2\/pages\/3133","targetHints":{"allow":["GET"]}}],"collection":[{"href":"https:\/\/poliisisurmat.poliisimuseo.fi\/en\/wp-json\/wp\/v2\/pages"}],"about":[{"href":"https:\/\/poliisisurmat.poliisimuseo.fi\/en\/wp-json\/wp\/v2\/types\/page"}],"author":[{"embeddable":true,"href":"https:\/\/poliisisurmat.poliisimuseo.fi\/en\/wp-json\/wp\/v2\/users\/1"}],"replies":[{"embeddable":true,"href":"https:\/\/poliisisurmat.poliisimuseo.fi\/en\/wp-json\/wp\/v2\/comments?post=3133"}],"version-history":[{"count":3,"href":"https:\/\/poliisisurmat.poliisimuseo.fi\/en\/wp-json\/wp\/v2\/pages\/3133\/revisions"}],"predecessor-version":[{"id":4622,"href":"https:\/\/poliisisurmat.poliisimuseo.fi\/en\/wp-json\/wp\/v2\/pages\/3133\/revisions\/4622"}],"up":[{"embeddable":true,"href":"https:\/\/poliisisurmat.poliisimuseo.fi\/en\/wp-json\/wp\/v2\/pages\/3096"}],"wp:attachment":[{"href":"https:\/\/poliisisurmat.poliisimuseo.fi\/en\/wp-json\/wp\/v2\/media?parent=3133"}],"curies":[{"name":"wp","href":"https:\/\/api.w.org\/{rel}","templated":true}]}}